{"id":865,"date":"2017-09-27T10:50:12","date_gmt":"2017-09-27T08:50:12","guid":{"rendered":"http:\/\/www.international-sur-loire.com\/testimony\/"},"modified":"2018-08-31T19:32:51","modified_gmt":"2018-08-31T17:32:51","slug":"testimony","status":"publish","type":"page","link":"https:\/\/www.international-sur-loire.com\/en\/testimony\/","title":{"rendered":"TESTIMONY"},"content":{"rendered":"<p>[vc_row][vc_column css=&#8221;.vc_custom_1504170812721{margin-bottom: 3% !important;}&#8221;][vc_row_inner][vc_column_inner]<div class=\"wf-container loading-effect-none iso-container\" data-padding=\"20px\" data-cur-page=\"1\" data-width=\"370px\" data-columns=\"2\">\n<div class=\"wf-cell iso-item\" data-post-id=\"1170\" data-date=\"2018-08-31T19:23:15+02:00\" data-name=\"Franck Boucheraud\">\n\t<div class=\"testimonial-item\">\n\t\t<article>\n\t<div class=\"testimonial-content\">\n\t\t<p>Britta Vincent, fondatrice d&#8217;International sur Loire, a fait preuve \u00e0 mes cot\u00e9s d&#8217;une  tr\u00e8s grande ma\u00eetrise dans la prise en charge de la vingtaine d&#8217;artistes Canadiens, avec une anticipation de leurs besoins avec sans cesse l&#8217;objectif d&#8217;innover et d&#8217;agir avec le plus grand professionnalisme.  Rigoureuse et parfaitement  organis\u00e9e, elle a aussi  fait preuve de discernement et de recul pour faire face \u00e0 des situations  inattendues ou urgentes \u00e0 g\u00e9rer. Elle s&#8217;est servie de son propre r\u00e9seau pour optimiser au mieux  et exposer au plus grand nombre l\u2019\u00e9v\u00e9nement. Elle a \u00e9t\u00e9  pour moi un vecteur \u00e9vident de la r\u00e9ussite des 10 ans de la Canadian Music Night au sein de l&#8217;American Tours Festival. Sa gentillesse, sa sensibilit\u00e9 et son sens aigu de l&#8217;anticipation ont aussi qu&#8217;\u00e0 mes yeux, ce fut un v\u00e9ritable plaisir de collaborer ensemble.<\/p>\n\t<\/div>\n\t<div class=\"testimonial-vcard\">\n\t\t<div class=\"testimonial-thumbnail\">\n\t\t\t<span class=\"alignleft layzr-bg\"><img decoding=\"async\" class=\"preload-me iso-lazy-load aspect\" src=\"data:image\/svg+xml,%3Csvg%20xmlns%3D&#39;http%3A%2F%2Fwww.w3.org%2F2000%2Fsvg&#39;%20viewBox%3D&#39;0%200%2060%2060&#39;%2F%3E\" data-src=\"https:\/\/www.international-sur-loire.com\/wp-content\/uploads\/2018\/08\/franck-boucheraud-small-60x60.jpg\" data-srcset=\"https:\/\/www.international-sur-loire.com\/wp-content\/uploads\/2018\/08\/franck-boucheraud-small-60x60.jpg 60w, https:\/\/www.international-sur-loire.com\/wp-content\/uploads\/2018\/08\/franck-boucheraud-small-120x120.jpg 120w\" loading=\"eager\" style=\"--ratio: 60 \/ 60\" sizes=\"(max-width: 60px) 100vw, 60px\" width=\"60\" height=\"60\"  title=\"Frank Boucheraud\" alt=\"Franck Boucheraud\" \/><\/span>\t\t<\/div>\n\t\t<div class=\"testimonial-desc\">\n\t\t\t<span class=\"text-primary\">Franck Boucheraud<\/span>\t\t<\/div>\n\t<\/div>\n<\/article>\n\t<\/div>\n\n<\/div>\n<div class=\"wf-cell iso-item\" data-post-id=\"970\" data-date=\"2017-11-29T11:46:25+01:00\" data-name=\"Patrick Hibon de Frohen\">\n\t<div class=\"testimonial-item\">\n\t\t<article>\n\t<div class=\"testimonial-content\">\n\t\t<p>International-Sur-Loire, repr\u00e9sent\u00e9 par sa fondatrice, Britta Vincent, a particip\u00e9 activement, les 9 et 23 novembre dernier, \u00e0 l\u2019Hackathon Student Friendly organis\u00e9 par le CODEV (Conseil de D\u00e9veloppement de Tours M\u00e9tropole) et en collaboration avec The Education Valley, sur le th\u00e8me \u00ab Quelle ville accueillante pour les usagers de l\u2019enseignement sup\u00e9rieur ? Dans quel lieu ? Quels services pour quels usages ? \u00bb.<\/p>\n\t<\/div>\n\t<div class=\"testimonial-vcard\">\n\t\t<div class=\"testimonial-thumbnail\">\n\t\t\t<span class=\"alignleft layzr-bg\"><img decoding=\"async\" class=\"preload-me iso-lazy-load aspect\" src=\"data:image\/svg+xml,%3Csvg%20xmlns%3D&#39;http%3A%2F%2Fwww.w3.org%2F2000%2Fsvg&#39;%20viewBox%3D&#39;0%200%2060%2060&#39;%2F%3E\" data-src=\"https:\/\/www.international-sur-loire.com\/wp-content\/uploads\/2017\/11\/patrick-hibon-de-frohen-60x60.jpg\" data-srcset=\"https:\/\/www.international-sur-loire.com\/wp-content\/uploads\/2017\/11\/patrick-hibon-de-frohen-60x60.jpg 60w, https:\/\/www.international-sur-loire.com\/wp-content\/uploads\/2017\/11\/patrick-hibon-de-frohen-120x120.jpg 120w\" loading=\"eager\" style=\"--ratio: 60 \/ 60\" sizes=\"(max-width: 60px) 100vw, 60px\" width=\"60\" height=\"60\"  title=\"Patrick Hibon de Frohen\" alt=\"Patrick Hibon de Frohen\" \/><\/span>\t\t<\/div>\n\t\t<div class=\"testimonial-desc\">\n\t\t\t<span class=\"text-primary\">Patrick Hibon de Frohen<\/span>\t\t<\/div>\n\t<\/div>\n<\/article>\n\t<\/div>\n\n<\/div>\n<div class=\"wf-cell iso-item\" data-post-id=\"863\" data-date=\"2017-09-27T10:32:13+02:00\" data-name=\"Frederic Deutzer\">\n\t<div class=\"testimonial-item\">\n\t\t<article>\n\t<div class=\"testimonial-content\">\n\t\t<p>Through their thorough and efficient workings, you have contributed fundamentally to the success of our trade fair participation and with your friendly and open-minded way you have gained many valuable contacts for us.<\/p>\n\t<\/div>\n\t<div class=\"testimonial-vcard\">\n\t\t<div class=\"testimonial-thumbnail\">\n\t\t\t<span class=\"alignleft layzr-bg\"><img decoding=\"async\" class=\"preload-me iso-lazy-load aspect\" src=\"data:image\/svg+xml,%3Csvg%20xmlns%3D&#39;http%3A%2F%2Fwww.w3.org%2F2000%2Fsvg&#39;%20viewBox%3D&#39;0%200%2060%2060&#39;%2F%3E\" data-src=\"https:\/\/www.international-sur-loire.com\/wp-content\/uploads\/2017\/08\/frederic-deutzer-60x60.jpg\" data-srcset=\"https:\/\/www.international-sur-loire.com\/wp-content\/uploads\/2017\/08\/frederic-deutzer-60x60.jpg 60w, https:\/\/www.international-sur-loire.com\/wp-content\/uploads\/2017\/08\/frederic-deutzer-120x120.jpg 120w\" loading=\"eager\" style=\"--ratio: 60 \/ 60\" sizes=\"(max-width: 60px) 100vw, 60px\" width=\"60\" height=\"60\"  title=\"frederic-deutzer\" alt=\"\" \/><\/span>\t\t<\/div>\n\t\t<div class=\"testimonial-desc\">\n\t\t\t<span class=\"text-primary\">Frederic Deutzer<\/span>\t\t<\/div>\n\t<\/div>\n<\/article>\n\t<\/div>\n\n<\/div>\n<div class=\"wf-cell iso-item\" data-post-id=\"862\" data-date=\"2017-09-27T10:31:01+02:00\" data-name=\"Antoine Selosse\">\n\t<div class=\"testimonial-item\">\n\t\t<article>\n\t<div class=\"testimonial-content\">\n\t\t<p>Translations, contacts and follow-up of the exchanges enabled the European Cultural Center Saint Martin de Tours to raise awareness in these two countries of the main cities (linked to the history of Saint Martin or possessing a very important material or immaterial heritage ) to a European project to enhance our common cultural heritage and their possible involvement in the framework of the Saint Martin Summer Festival 2017.<\/p>\n\t<\/div>\n\t<div class=\"testimonial-vcard\">\n\t\t<div class=\"testimonial-thumbnail\">\n\t\t\t<span class=\"alignleft layzr-bg\"><img decoding=\"async\" class=\"preload-me iso-lazy-load aspect\" src=\"data:image\/svg+xml,%3Csvg%20xmlns%3D&#39;http%3A%2F%2Fwww.w3.org%2F2000%2Fsvg&#39;%20viewBox%3D&#39;0%200%2060%2060&#39;%2F%3E\" data-src=\"https:\/\/www.international-sur-loire.com\/wp-content\/uploads\/2017\/08\/antoine-selosse-60x60.jpg\" data-srcset=\"https:\/\/www.international-sur-loire.com\/wp-content\/uploads\/2017\/08\/antoine-selosse-60x60.jpg 60w, https:\/\/www.international-sur-loire.com\/wp-content\/uploads\/2017\/08\/antoine-selosse-120x120.jpg 120w\" loading=\"eager\" style=\"--ratio: 60 \/ 60\" sizes=\"(max-width: 60px) 100vw, 60px\" width=\"60\" height=\"60\"  title=\"antoine-selosse\" alt=\"\" \/><\/span>\t\t<\/div>\n\t\t<div class=\"testimonial-desc\">\n\t\t\t<span class=\"text-primary\">Antoine Selosse<\/span>\t\t<\/div>\n\t<\/div>\n<\/article>\n\t<\/div>\n\n<\/div>\n<div class=\"wf-cell iso-item\" data-post-id=\"861\" data-date=\"2017-09-27T10:30:13+02:00\" data-name=\"Sean Sherman\">\n\t<div class=\"testimonial-item\">\n\t\t<article>\n\t<div class=\"testimonial-content\">\n\t\t<p>Words literally can&#8217;t express how effective the work of International sur Loire was for our time at this event. Britta is incredibly thoughtful, emotionally intelligent, cool headed, and a treasure for anyone that is fortunate enough to work with her. First class!<\/p>\n\t<\/div>\n\t<div class=\"testimonial-vcard\">\n\t\t<div class=\"testimonial-thumbnail\">\n\t\t\t<span class=\"alignleft layzr-bg\"><img decoding=\"async\" class=\"preload-me iso-lazy-load aspect\" src=\"data:image\/svg+xml,%3Csvg%20xmlns%3D&#39;http%3A%2F%2Fwww.w3.org%2F2000%2Fsvg&#39;%20viewBox%3D&#39;0%200%2060%2060&#39;%2F%3E\" data-src=\"https:\/\/www.international-sur-loire.com\/wp-content\/uploads\/2017\/08\/sean-sherman-60x60.jpg\" data-srcset=\"https:\/\/www.international-sur-loire.com\/wp-content\/uploads\/2017\/08\/sean-sherman-60x60.jpg 60w, https:\/\/www.international-sur-loire.com\/wp-content\/uploads\/2017\/08\/sean-sherman-120x120.jpg 120w\" loading=\"eager\" style=\"--ratio: 60 \/ 60\" sizes=\"(max-width: 60px) 100vw, 60px\" width=\"60\" height=\"60\"  title=\"sean-sherman\" alt=\"\" \/><\/span>\t\t<\/div>\n\t\t<div class=\"testimonial-desc\">\n\t\t\t<span class=\"text-primary\">Sean Sherman<\/span>\t\t<\/div>\n\t<\/div>\n<\/article>\n\t<\/div>\n\n<\/div><\/div>[\/vc_column_inner][\/vc_row_inner][\/vc_column][\/vc_row][vc_row][vc_column][vc_column_text]<\/p>\n<h3 style=\"text-align: center;\">Downloadable documents<\/h3>\n<p>[\/vc_column_text][vc_row_inner][vc_column_inner width=&#8221;1\/4&#8243;][vc_single_image image=&#8221;527&#8243; img_size=&#8221;full&#8221; onclick=&#8221;custom_link&#8221; img_link_target=&#8221;_blank&#8221; link=&#8221;http:\/\/www.international-sur-loire.com\/pdf\/REM-Centre-St-Martin-Tours.pdf&#8221; css=&#8221;.vc_custom_1504209351533{border-top-width: 1px !important;border-right-width: 1px !important;border-bottom-width: 1px !important;border-left-width: 1px !important;border-left-color: #bcbcbc !important;border-left-style: solid !important;border-right-color: #bcbcbc !important;border-right-style: solid !important;border-top-color: #bcbcbc !important;border-top-style: solid !important;border-bottom-color: #bcbcbc !important;border-bottom-style: solid !important;border-radius: 1px !important;}&#8221;][vc_column_text]<\/p>\n<p style=\"text-align: center;\"><small>Centre Culturel Europ\u00e9en<br \/>\nSaint Martin de Tours<\/small><\/p>\n<p style=\"text-align: center;\">(Tours, France)<\/p>\n<p>[\/vc_column_text][\/vc_column_inner][vc_column_inner width=&#8221;1\/4&#8243;][vc_single_image image=&#8221;526&#8243; img_size=&#8221;full&#8221; onclick=&#8221;custom_link&#8221; img_link_target=&#8221;_blank&#8221; link=&#8221;http:\/\/www.international-sur-loire.com\/pdf\/Empfehlungsschreiben-Deutzer-Technische-Kohle.pdf&#8221; css=&#8221;.vc_custom_1504209415228{border-top-width: 1px !important;border-right-width: 1px !important;border-bottom-width: 1px !important;border-left-width: 1px !important;border-left-color: #cecece !important;border-left-style: solid !important;border-right-color: #cecece !important;border-right-style: solid !important;border-top-color: #cecece !important;border-top-style: solid !important;border-bottom-color: #cecece !important;border-bottom-style: solid !important;border-radius: 1px !important;}&#8221;][vc_column_text]<\/p>\n<p style=\"text-align: center;\"><small>DEUTZER<br \/>\nTechnische Kohle<\/small><\/p>\n<p style=\"text-align: center;\">(Berlin, Deutschland)<\/p>\n<p>[\/vc_column_text][\/vc_column_inner][vc_column_inner width=&#8221;1\/4&#8243;][vc_single_image image=&#8221;628&#8243; img_size=&#8221;full&#8221; onclick=&#8221;custom_link&#8221; img_link_target=&#8221;_blank&#8221; link=&#8221;http:\/\/www.international-sur-loire.com\/pdf\/Letter-of-Recommendation-Britta-2017.pdf&#8221; css=&#8221;.vc_custom_1504531058935{border-top-width: 1px !important;border-right-width: 1px !important;border-bottom-width: 1px !important;border-left-width: 1px !important;border-left-color: #bfbfbf !important;border-left-style: solid !important;border-right-color: #bfbfbf !important;border-right-style: solid !important;border-top-color: #bfbfbf !important;border-top-style: solid !important;border-bottom-color: #bfbfbf !important;border-bottom-style: solid !important;border-radius: 1px !important;}&#8221;][vc_column_text]<\/p>\n<p style=\"text-align: center;\"><small>THE SIOUX CHEF<\/small><\/p>\n<p style=\"text-align: center;\">(Minneapolis, USA)<\/p>\n<p>[\/vc_column_text][\/vc_column_inner][vc_column_inner width=&#8221;1\/4&#8243;][vc_single_image image=&#8221;966&#8243; img_size=&#8221;full&#8221; onclick=&#8221;custom_link&#8221; img_link_target=&#8221;_blank&#8221; link=&#8221;http:\/\/www.international-sur-loire.com\/pdf\/The-Education-Valley.pdf&#8221; css=&#8221;.vc_custom_1511951961236{border-top-width: 1px !important;border-right-width: 1px !important;border-bottom-width: 1px !important;border-left-width: 1px !important;border-left-color: #bfbfbf !important;border-left-style: solid !important;border-right-color: #bfbfbf !important;border-right-style: solid !important;border-top-color: #bfbfbf !important;border-top-style: solid !important;border-bottom-color: #bfbfbf !important;border-bottom-style: solid !important;border-radius: 1px !important;}&#8221;][vc_column_text]<\/p>\n<p style=\"text-align: center;\"><small>Patrick Hibon de Frohen<\/small><\/p>\n<p style=\"text-align: center;\">The Education Valley<\/p>\n<p>[\/vc_column_text][\/vc_column_inner][\/vc_row_inner][vc_row_inner][vc_column_inner width=&#8221;1\/4&#8243;][vc_single_image image=&#8221;1172&#8243; img_size=&#8221;full&#8221; onclick=&#8221;custom_link&#8221; img_link_target=&#8221;_blank&#8221; link=&#8221;http:\/\/www.international-sur-loire.com\/pdf\/feed-back-franck-boucheraud.pdf&#8221; css=&#8221;.vc_custom_1535736631083{border-top-width: 1px !important;border-right-width: 1px !important;border-bottom-width: 1px !important;border-left-width: 1px !important;border-left-color: #bcbcbc !important;border-left-style: solid !important;border-right-color: #bcbcbc !important;border-right-style: solid !important;border-top-color: #bcbcbc !important;border-top-style: solid !important;border-bottom-color: #bcbcbc !important;border-bottom-style: solid !important;border-radius: 1px !important;}&#8221;][vc_column_text]<\/p>\n<p style=\"text-align: center;\"><small>Talent Buyer for the Canadian Music Night<\/small><\/p>\n<p style=\"text-align: center;\">(Lailly En Val , France)<\/p>\n<p>[\/vc_column_text][\/vc_column_inner][vc_column_inner width=&#8221;1\/4&#8243;][\/vc_column_inner][vc_column_inner width=&#8221;1\/4&#8243;][\/vc_column_inner][vc_column_inner width=&#8221;1\/4&#8243;][\/vc_column_inner][\/vc_row_inner][\/vc_column][\/vc_row]<\/p>\n","protected":false},"excerpt":{"rendered":"<p>[vc_row][vc_column css=&#8221;.vc_custom_1504170812721{margin-bottom: 3% !important;}&#8221;][vc_row_inner][vc_column_inner][\/vc_column_inner][\/vc_row_inner][\/vc_column][\/vc_row][vc_row][vc_column][vc_column_text] Downloadable documents [\/vc_column_text][vc_row_inner][vc_column_inner width=&#8221;1\/4&#8243;][vc_single_image image=&#8221;527&#8243; img_size=&#8221;full&#8221; onclick=&#8221;custom_link&#8221; img_link_target=&#8221;_blank&#8221; link=&#8221;http:\/\/www.international-sur-loire.com\/pdf\/REM-Centre-St-Martin-Tours.pdf&#8221; css=&#8221;.vc_custom_1504209351533{border-top-width: 1px !important;border-right-width: 1px !important;border-bottom-width: 1px !important;border-left-width: 1px !important;border-left-color: #bcbcbc !important;border-left-style: solid !important;border-right-color: #bcbcbc !important;border-right-style: solid !important;border-top-color: #bcbcbc !important;border-top-style: solid !important;border-bottom-color: #bcbcbc !important;border-bottom-style: solid !important;border-radius: 1px !important;}&#8221;][vc_column_text] Centre Culturel Europ\u00e9en Saint Martin de Tours (Tours, France) [\/vc_column_text][\/vc_column_inner][vc_column_inner width=&#8221;1\/4&#8243;][vc_single_image image=&#8221;526&#8243; img_size=&#8221;full&#8221; onclick=&#8221;custom_link&#8221; img_link_target=&#8221;_blank&#8221;&hellip;<\/p>\n","protected":false},"author":1,"featured_media":0,"parent":0,"menu_order":0,"comment_status":"closed","ping_status":"closed","template":"","meta":{"footnotes":""},"class_list":["post-865","page","type-page","status-publish","hentry","description-off"],"yoast_head":"<!-- This site is optimized with the Yoast SEO plugin v26.4 - https:\/\/yoast.com\/wordpress\/plugins\/seo\/ -->\n<title>TESTIMONY - International-sur-Loire<\/title>\n<meta name=\"robots\" content=\"index, follow, max-snippet:-1, max-image-preview:large, max-video-preview:-1\" \/>\n<link rel=\"canonical\" href=\"https:\/\/www.international-sur-loire.com\/en\/testimony\/\" \/>\n<meta property=\"og:locale\" content=\"en_US\" \/>\n<meta property=\"og:type\" content=\"article\" \/>\n<meta property=\"og:title\" content=\"TESTIMONY - International-sur-Loire\" \/>\n<meta property=\"og:description\" content=\"[vc_row][vc_column css=&#8221;.vc_custom_1504170812721{margin-bottom: 3% !important;}&#8221;][vc_row_inner][vc_column_inner][\/vc_column_inner][\/vc_row_inner][\/vc_column][\/vc_row][vc_row][vc_column][vc_column_text] Downloadable documents [\/vc_column_text][vc_row_inner][vc_column_inner width=&#8221;1\/4&#8243;][vc_single_image image=&#8221;527&#8243; img_size=&#8221;full&#8221; onclick=&#8221;custom_link&#8221; img_link_target=&#8221;_blank&#8221; link=&#8221;http:\/\/www.international-sur-loire.com\/pdf\/REM-Centre-St-Martin-Tours.pdf&#8221; css=&#8221;.vc_custom_1504209351533{border-top-width: 1px !important;border-right-width: 1px !important;border-bottom-width: 1px !important;border-left-width: 1px !important;border-left-color: #bcbcbc !important;border-left-style: solid !important;border-right-color: #bcbcbc !important;border-right-style: solid !important;border-top-color: #bcbcbc !important;border-top-style: solid !important;border-bottom-color: #bcbcbc !important;border-bottom-style: solid !important;border-radius: 1px !important;}&#8221;][vc_column_text] Centre Culturel Europ\u00e9en Saint Martin de Tours (Tours, France) [\/vc_column_text][\/vc_column_inner][vc_column_inner width=&#8221;1\/4&#8243;][vc_single_image image=&#8221;526&#8243; img_size=&#8221;full&#8221; onclick=&#8221;custom_link&#8221; img_link_target=&#8221;_blank&#8221;&hellip;\" \/>\n<meta property=\"og:url\" content=\"https:\/\/www.international-sur-loire.com\/en\/testimony\/\" \/>\n<meta property=\"og:site_name\" content=\"International-sur-Loire\" \/>\n<meta property=\"article:modified_time\" content=\"2018-08-31T17:32:51+00:00\" \/>\n<meta name=\"twitter:card\" content=\"summary_large_image\" \/>\n<meta name=\"twitter:label1\" content=\"Est. reading time\" \/>\n\t<meta name=\"twitter:data1\" content=\"3 minutes\" \/>\n<script type=\"application\/ld+json\" class=\"yoast-schema-graph\">{\"@context\":\"https:\/\/schema.org\",\"@graph\":[{\"@type\":\"WebPage\",\"@id\":\"https:\/\/www.international-sur-loire.com\/en\/testimony\/\",\"url\":\"https:\/\/www.international-sur-loire.com\/en\/testimony\/\",\"name\":\"TESTIMONY - International-sur-Loire\",\"isPartOf\":{\"@id\":\"https:\/\/www.international-sur-loire.com\/#website\"},\"datePublished\":\"2017-09-27T08:50:12+00:00\",\"dateModified\":\"2018-08-31T17:32:51+00:00\",\"breadcrumb\":{\"@id\":\"https:\/\/www.international-sur-loire.com\/en\/testimony\/#breadcrumb\"},\"inLanguage\":\"en-US\",\"potentialAction\":[{\"@type\":\"ReadAction\",\"target\":[\"https:\/\/www.international-sur-loire.com\/en\/testimony\/\"]}]},{\"@type\":\"BreadcrumbList\",\"@id\":\"https:\/\/www.international-sur-loire.com\/en\/testimony\/#breadcrumb\",\"itemListElement\":[{\"@type\":\"ListItem\",\"position\":1,\"name\":\"Accueil\",\"item\":\"https:\/\/www.international-sur-loire.com\/en\/\"},{\"@type\":\"ListItem\",\"position\":2,\"name\":\"TESTIMONY\"}]},{\"@type\":\"WebSite\",\"@id\":\"https:\/\/www.international-sur-loire.com\/#website\",\"url\":\"https:\/\/www.international-sur-loire.com\/\",\"name\":\"International-sur-Loire\",\"description\":\"CONSULTING INTERNATIONAL &amp; CULTUREL\",\"potentialAction\":[{\"@type\":\"SearchAction\",\"target\":{\"@type\":\"EntryPoint\",\"urlTemplate\":\"https:\/\/www.international-sur-loire.com\/?s={search_term_string}\"},\"query-input\":{\"@type\":\"PropertyValueSpecification\",\"valueRequired\":true,\"valueName\":\"search_term_string\"}}],\"inLanguage\":\"en-US\"}]}<\/script>\n<!-- \/ Yoast SEO plugin. -->","yoast_head_json":{"title":"TESTIMONY - International-sur-Loire","robots":{"index":"index","follow":"follow","max-snippet":"max-snippet:-1","max-image-preview":"max-image-preview:large","max-video-preview":"max-video-preview:-1"},"canonical":"https:\/\/www.international-sur-loire.com\/en\/testimony\/","og_locale":"en_US","og_type":"article","og_title":"TESTIMONY - International-sur-Loire","og_description":"[vc_row][vc_column css=&#8221;.vc_custom_1504170812721{margin-bottom: 3% !important;}&#8221;][vc_row_inner][vc_column_inner][\/vc_column_inner][\/vc_row_inner][\/vc_column][\/vc_row][vc_row][vc_column][vc_column_text] Downloadable documents [\/vc_column_text][vc_row_inner][vc_column_inner width=&#8221;1\/4&#8243;][vc_single_image image=&#8221;527&#8243; img_size=&#8221;full&#8221; onclick=&#8221;custom_link&#8221; img_link_target=&#8221;_blank&#8221; link=&#8221;http:\/\/www.international-sur-loire.com\/pdf\/REM-Centre-St-Martin-Tours.pdf&#8221; css=&#8221;.vc_custom_1504209351533{border-top-width: 1px !important;border-right-width: 1px !important;border-bottom-width: 1px !important;border-left-width: 1px !important;border-left-color: #bcbcbc !important;border-left-style: solid !important;border-right-color: #bcbcbc !important;border-right-style: solid !important;border-top-color: #bcbcbc !important;border-top-style: solid !important;border-bottom-color: #bcbcbc !important;border-bottom-style: solid !important;border-radius: 1px !important;}&#8221;][vc_column_text] Centre Culturel Europ\u00e9en Saint Martin de Tours (Tours, France) [\/vc_column_text][\/vc_column_inner][vc_column_inner width=&#8221;1\/4&#8243;][vc_single_image image=&#8221;526&#8243; img_size=&#8221;full&#8221; onclick=&#8221;custom_link&#8221; img_link_target=&#8221;_blank&#8221;&hellip;","og_url":"https:\/\/www.international-sur-loire.com\/en\/testimony\/","og_site_name":"International-sur-Loire","article_modified_time":"2018-08-31T17:32:51+00:00","twitter_card":"summary_large_image","twitter_misc":{"Est. reading time":"3 minutes"},"schema":{"@context":"https:\/\/schema.org","@graph":[{"@type":"WebPage","@id":"https:\/\/www.international-sur-loire.com\/en\/testimony\/","url":"https:\/\/www.international-sur-loire.com\/en\/testimony\/","name":"TESTIMONY - International-sur-Loire","isPartOf":{"@id":"https:\/\/www.international-sur-loire.com\/#website"},"datePublished":"2017-09-27T08:50:12+00:00","dateModified":"2018-08-31T17:32:51+00:00","breadcrumb":{"@id":"https:\/\/www.international-sur-loire.com\/en\/testimony\/#breadcrumb"},"inLanguage":"en-US","potentialAction":[{"@type":"ReadAction","target":["https:\/\/www.international-sur-loire.com\/en\/testimony\/"]}]},{"@type":"BreadcrumbList","@id":"https:\/\/www.international-sur-loire.com\/en\/testimony\/#breadcrumb","itemListElement":[{"@type":"ListItem","position":1,"name":"Accueil","item":"https:\/\/www.international-sur-loire.com\/en\/"},{"@type":"ListItem","position":2,"name":"TESTIMONY"}]},{"@type":"WebSite","@id":"https:\/\/www.international-sur-loire.com\/#website","url":"https:\/\/www.international-sur-loire.com\/","name":"International-sur-Loire","description":"CONSULTING INTERNATIONAL &amp; CULTUREL","potentialAction":[{"@type":"SearchAction","target":{"@type":"EntryPoint","urlTemplate":"https:\/\/www.international-sur-loire.com\/?s={search_term_string}"},"query-input":{"@type":"PropertyValueSpecification","valueRequired":true,"valueName":"search_term_string"}}],"inLanguage":"en-US"}]}},"_links":{"self":[{"href":"https:\/\/www.international-sur-loire.com\/en\/wp-json\/wp\/v2\/pages\/865","targetHints":{"allow":["GET"]}}],"collection":[{"href":"https:\/\/www.international-sur-loire.com\/en\/wp-json\/wp\/v2\/pages"}],"about":[{"href":"https:\/\/www.international-sur-loire.com\/en\/wp-json\/wp\/v2\/types\/page"}],"author":[{"embeddable":true,"href":"https:\/\/www.international-sur-loire.com\/en\/wp-json\/wp\/v2\/users\/1"}],"replies":[{"embeddable":true,"href":"https:\/\/www.international-sur-loire.com\/en\/wp-json\/wp\/v2\/comments?post=865"}],"version-history":[{"count":4,"href":"https:\/\/www.international-sur-loire.com\/en\/wp-json\/wp\/v2\/pages\/865\/revisions"}],"predecessor-version":[{"id":1176,"href":"https:\/\/www.international-sur-loire.com\/en\/wp-json\/wp\/v2\/pages\/865\/revisions\/1176"}],"wp:attachment":[{"href":"https:\/\/www.international-sur-loire.com\/en\/wp-json\/wp\/v2\/media?parent=865"}],"curies":[{"name":"wp","href":"https:\/\/api.w.org\/{rel}","templated":true}]}}