{"id":735,"date":"2017-09-20T18:36:01","date_gmt":"2017-09-20T16:36:01","guid":{"rendered":"http:\/\/www.international-sur-loire.com\/aussagen\/"},"modified":"2018-08-31T19:33:22","modified_gmt":"2018-08-31T17:33:22","slug":"anerkennungen","status":"publish","type":"page","link":"https:\/\/www.international-sur-loire.com\/de\/anerkennungen\/","title":{"rendered":"ANERKENNUNGEN"},"content":{"rendered":"<p>[vc_row][vc_column css=&#8220;.vc_custom_1504170812721{margin-bottom: 3% !important;}&#8220;][vc_row_inner][vc_column_inner]<div class=\"wf-container loading-effect-none iso-container\" data-padding=\"20px\" data-cur-page=\"1\" data-width=\"370px\" data-columns=\"2\">\n<div class=\"wf-cell iso-item\" data-post-id=\"1171\" data-date=\"2018-08-31T19:24:39+02:00\" data-name=\"Franck Boucheraud\">\n\t<div class=\"testimonial-item\">\n\t\t<article>\n\t<div class=\"testimonial-content\">\n\t\t<p>Britta Vincent, fondatrice d&#8217;International sur Loire, a fait preuve \u00e0 mes cot\u00e9s d&#8217;une  tr\u00e8s grande ma\u00eetrise dans la prise en charge de la vingtaine d&#8217;artistes Canadiens, avec une anticipation de leurs besoins avec sans cesse l&#8217;objectif d&#8217;innover et d&#8217;agir avec le plus grand professionnalisme.  Rigoureuse et parfaitement  organis\u00e9e, elle a aussi  fait preuve de discernement et de recul pour faire face \u00e0 des situations  inattendues ou urgentes \u00e0 g\u00e9rer. Elle s&#8217;est servie de son propre r\u00e9seau pour optimiser au mieux  et exposer au plus grand nombre l\u2019\u00e9v\u00e9nement. Elle a \u00e9t\u00e9  pour moi un vecteur \u00e9vident de la r\u00e9ussite des 10 ans de la Canadian Music Night au sein de l&#8217;American Tours Festival. Sa gentillesse, sa sensibilit\u00e9 et son sens aigu de l&#8217;anticipation ont aussi qu&#8217;\u00e0 mes yeux, ce fut un v\u00e9ritable plaisir de collaborer ensemble.<\/p>\n\t<\/div>\n\t<div class=\"testimonial-vcard\">\n\t\t<div class=\"testimonial-thumbnail\">\n\t\t\t<span class=\"alignleft layzr-bg\"><img decoding=\"async\" class=\"preload-me iso-lazy-load aspect\" src=\"data:image\/svg+xml,%3Csvg%20xmlns%3D&#39;http%3A%2F%2Fwww.w3.org%2F2000%2Fsvg&#39;%20viewBox%3D&#39;0%200%2060%2060&#39;%2F%3E\" data-src=\"https:\/\/www.international-sur-loire.com\/wp-content\/uploads\/2018\/08\/franck-boucheraud-small-60x60.jpg\" data-srcset=\"https:\/\/www.international-sur-loire.com\/wp-content\/uploads\/2018\/08\/franck-boucheraud-small-60x60.jpg 60w, https:\/\/www.international-sur-loire.com\/wp-content\/uploads\/2018\/08\/franck-boucheraud-small-120x120.jpg 120w\" loading=\"eager\" style=\"--ratio: 60 \/ 60\" sizes=\"(max-width: 60px) 100vw, 60px\" width=\"60\" height=\"60\"  title=\"franck-boucheraud-small\" alt=\"Franck Boucheraud\" \/><\/span>\t\t<\/div>\n\t\t<div class=\"testimonial-desc\">\n\t\t\t<span class=\"text-primary\">Franck Boucheraud<\/span>\t\t<\/div>\n\t<\/div>\n<\/article>\n\t<\/div>\n\n<\/div>\n<div class=\"wf-cell iso-item\" data-post-id=\"971\" data-date=\"2017-11-29T11:47:17+01:00\" data-name=\"Patrick Hibon de Frohen\">\n\t<div class=\"testimonial-item\">\n\t\t<article>\n\t<div class=\"testimonial-content\">\n\t\t<p>International-Sur-Loire, repr\u00e9sent\u00e9 par sa fondatrice, Britta Vincent, a particip\u00e9 activement, les 9 et 23 novembre dernier, \u00e0 l\u2019Hackathon Student Friendly organis\u00e9 par le CODEV (Conseil de D\u00e9veloppement de Tours M\u00e9tropole) et en collaboration avec The Education Valley, sur le th\u00e8me \u00ab Quelle ville accueillante pour les usagers de l\u2019enseignement sup\u00e9rieur ? Dans quel lieu ? Quels services pour quels usages ? \u00bb.<\/p>\n\t<\/div>\n\t<div class=\"testimonial-vcard\">\n\t\t<div class=\"testimonial-thumbnail\">\n\t\t\t<span class=\"alignleft layzr-bg\"><img decoding=\"async\" class=\"preload-me iso-lazy-load aspect\" src=\"data:image\/svg+xml,%3Csvg%20xmlns%3D&#39;http%3A%2F%2Fwww.w3.org%2F2000%2Fsvg&#39;%20viewBox%3D&#39;0%200%2060%2060&#39;%2F%3E\" data-src=\"https:\/\/www.international-sur-loire.com\/wp-content\/uploads\/2017\/11\/patrick-hibon-de-frohen-60x60.jpg\" data-srcset=\"https:\/\/www.international-sur-loire.com\/wp-content\/uploads\/2017\/11\/patrick-hibon-de-frohen-60x60.jpg 60w, https:\/\/www.international-sur-loire.com\/wp-content\/uploads\/2017\/11\/patrick-hibon-de-frohen-120x120.jpg 120w\" loading=\"eager\" style=\"--ratio: 60 \/ 60\" sizes=\"(max-width: 60px) 100vw, 60px\" width=\"60\" height=\"60\"  title=\"Patrick Hibon de Frohen\" alt=\"Patrick Hibon de Frohen\" \/><\/span>\t\t<\/div>\n\t\t<div class=\"testimonial-desc\">\n\t\t\t<span class=\"text-primary\">Patrick Hibon de Frohen<\/span>\t\t<\/div>\n\t<\/div>\n<\/article>\n\t<\/div>\n\n<\/div>\n<div class=\"wf-cell iso-item\" data-post-id=\"746\" data-date=\"2017-09-20T18:54:56+02:00\" data-name=\"Frederic Deutzer\">\n\t<div class=\"testimonial-item\">\n\t\t<article>\n\t<div class=\"testimonial-content\">\n\t\t<p>Durch Ihre gr\u00fcndliche und effiziente Arbeitsweise haben Sie fundamental zum Erfolg unserer Messeteilnahme beigetragen und mit Ihrer freundlichen und aufgeschlossenen Art konnten Sie viele wertvolle Kontakte f\u00fcr uns gewinnen.<\/p>\n\t<\/div>\n\t<div class=\"testimonial-vcard\">\n\t\t<div class=\"testimonial-thumbnail\">\n\t\t\t<span class=\"alignleft layzr-bg\"><img decoding=\"async\" class=\"preload-me iso-lazy-load aspect\" src=\"data:image\/svg+xml,%3Csvg%20xmlns%3D&#39;http%3A%2F%2Fwww.w3.org%2F2000%2Fsvg&#39;%20viewBox%3D&#39;0%200%2060%2060&#39;%2F%3E\" data-src=\"https:\/\/www.international-sur-loire.com\/wp-content\/uploads\/2017\/08\/frederic-deutzer-60x60.jpg\" data-srcset=\"https:\/\/www.international-sur-loire.com\/wp-content\/uploads\/2017\/08\/frederic-deutzer-60x60.jpg 60w, https:\/\/www.international-sur-loire.com\/wp-content\/uploads\/2017\/08\/frederic-deutzer-120x120.jpg 120w\" loading=\"eager\" style=\"--ratio: 60 \/ 60\" sizes=\"(max-width: 60px) 100vw, 60px\" width=\"60\" height=\"60\"  title=\"frederic-deutzer\" alt=\"\" \/><\/span>\t\t<\/div>\n\t\t<div class=\"testimonial-desc\">\n\t\t\t<span class=\"text-primary\">Frederic Deutzer<\/span>\t\t<\/div>\n\t<\/div>\n<\/article>\n\t<\/div>\n\n<\/div>\n<div class=\"wf-cell iso-item\" data-post-id=\"745\" data-date=\"2017-09-20T18:54:35+02:00\" data-name=\"Antoine Selosse\">\n\t<div class=\"testimonial-item\">\n\t\t<article>\n\t<div class=\"testimonial-content\">\n\t\t<p>Les traductions, les prises de contact et le suivi des \u00e9changes ont permis au centre Culturel Europ\u00e9en Saint Martin de Tours de sensibiliser dans ces deux pays, les principales villes (li\u00e9es \u00e0 l&#8217;histoire de Saint Martin ou poss\u00e9dant un patrimoine mat\u00e9riel ou immat\u00e9riel tr\u00e8s important) \u00e0 un projet europ\u00e9en de valorisation de notre patrimoine culturel commun et \u00e0 leur \u00e9ventuelle implication dans le cadre de la F\u00eate de la Saint-Martin d&#8217;\u00c9t\u00e9 2017.<\/p>\n\t<\/div>\n\t<div class=\"testimonial-vcard\">\n\t\t<div class=\"testimonial-thumbnail\">\n\t\t\t<span class=\"alignleft layzr-bg\"><img decoding=\"async\" class=\"preload-me iso-lazy-load aspect\" src=\"data:image\/svg+xml,%3Csvg%20xmlns%3D&#39;http%3A%2F%2Fwww.w3.org%2F2000%2Fsvg&#39;%20viewBox%3D&#39;0%200%2060%2060&#39;%2F%3E\" data-src=\"https:\/\/www.international-sur-loire.com\/wp-content\/uploads\/2017\/08\/antoine-selosse-60x60.jpg\" data-srcset=\"https:\/\/www.international-sur-loire.com\/wp-content\/uploads\/2017\/08\/antoine-selosse-60x60.jpg 60w, https:\/\/www.international-sur-loire.com\/wp-content\/uploads\/2017\/08\/antoine-selosse-120x120.jpg 120w\" loading=\"eager\" style=\"--ratio: 60 \/ 60\" sizes=\"(max-width: 60px) 100vw, 60px\" width=\"60\" height=\"60\"  title=\"antoine-selosse\" alt=\"\" \/><\/span>\t\t<\/div>\n\t\t<div class=\"testimonial-desc\">\n\t\t\t<span class=\"text-primary\">Antoine Selosse<\/span>\t\t<\/div>\n\t<\/div>\n<\/article>\n\t<\/div>\n\n<\/div>\n<div class=\"wf-cell iso-item\" data-post-id=\"744\" data-date=\"2017-09-20T18:54:13+02:00\" data-name=\"Sean Sherman\">\n\t<div class=\"testimonial-item\">\n\t\t<article>\n\t<div class=\"testimonial-content\">\n\t\t<p>Words literally can&#8217;t express how effective the work of International sur Loire was for our time at this event. Britta is incredibly thoughtful, emotionally intelligent, cool headed, and a treasure for anyone that is fortunate enough to work with her. First class!<\/p>\n\t<\/div>\n\t<div class=\"testimonial-vcard\">\n\t\t<div class=\"testimonial-thumbnail\">\n\t\t\t<span class=\"alignleft layzr-bg\"><img decoding=\"async\" class=\"preload-me iso-lazy-load aspect\" src=\"data:image\/svg+xml,%3Csvg%20xmlns%3D&#39;http%3A%2F%2Fwww.w3.org%2F2000%2Fsvg&#39;%20viewBox%3D&#39;0%200%2060%2060&#39;%2F%3E\" data-src=\"https:\/\/www.international-sur-loire.com\/wp-content\/uploads\/2017\/08\/sean-sherman-60x60.jpg\" data-srcset=\"https:\/\/www.international-sur-loire.com\/wp-content\/uploads\/2017\/08\/sean-sherman-60x60.jpg 60w, https:\/\/www.international-sur-loire.com\/wp-content\/uploads\/2017\/08\/sean-sherman-120x120.jpg 120w\" loading=\"eager\" style=\"--ratio: 60 \/ 60\" sizes=\"(max-width: 60px) 100vw, 60px\" width=\"60\" height=\"60\"  title=\"sean-sherman\" alt=\"\" \/><\/span>\t\t<\/div>\n\t\t<div class=\"testimonial-desc\">\n\t\t\t<span class=\"text-primary\">Sean Sherman<\/span>\t\t<\/div>\n\t<\/div>\n<\/article>\n\t<\/div>\n\n<\/div><\/div>[\/vc_column_inner][\/vc_row_inner][\/vc_column][\/vc_row][vc_row][vc_column][vc_column_text]<\/p>\n<h3 style=\"text-align: center;\">Abladbare Dokumente<\/h3>\n<p>[\/vc_column_text][vc_row_inner][vc_column_inner width=&#8220;1\/4&#8243;][vc_single_image image=&#8220;527&#8243; img_size=&#8220;full&#8220; onclick=&#8220;custom_link&#8220; img_link_target=&#8220;_blank&#8220; link=&#8220;http:\/\/www.international-sur-loire.com\/pdf\/REM-Centre-St-Martin-Tours.pdf&#8220; css=&#8220;.vc_custom_1504209351533{border-top-width: 1px !important;border-right-width: 1px !important;border-bottom-width: 1px !important;border-left-width: 1px !important;border-left-color: #bcbcbc !important;border-left-style: solid !important;border-right-color: #bcbcbc !important;border-right-style: solid !important;border-top-color: #bcbcbc !important;border-top-style: solid !important;border-bottom-color: #bcbcbc !important;border-bottom-style: solid !important;border-radius: 1px !important;}&#8220;][vc_column_text]<\/p>\n<p style=\"text-align: center;\"><small>Centre Culturel Europ\u00e9en<br \/>\nSaint Martin de Tours<\/small><\/p>\n<p style=\"text-align: center;\">(Tours, France)<\/p>\n<p>[\/vc_column_text][\/vc_column_inner][vc_column_inner width=&#8220;1\/4&#8243;][vc_single_image image=&#8220;526&#8243; img_size=&#8220;full&#8220; onclick=&#8220;custom_link&#8220; img_link_target=&#8220;_blank&#8220; link=&#8220;http:\/\/www.international-sur-loire.com\/pdf\/Empfehlungsschreiben-Deutzer-Technische-Kohle.pdf&#8220; css=&#8220;.vc_custom_1504209415228{border-top-width: 1px !important;border-right-width: 1px !important;border-bottom-width: 1px !important;border-left-width: 1px !important;border-left-color: #cecece !important;border-left-style: solid !important;border-right-color: #cecece !important;border-right-style: solid !important;border-top-color: #cecece !important;border-top-style: solid !important;border-bottom-color: #cecece !important;border-bottom-style: solid !important;border-radius: 1px !important;}&#8220;][vc_column_text]<\/p>\n<p style=\"text-align: center;\"><small>DEUTZER<br \/>\nTechnische Kohle<\/small><\/p>\n<p style=\"text-align: center;\">(Berlin, Deutschland)<\/p>\n<p>[\/vc_column_text][\/vc_column_inner][vc_column_inner width=&#8220;1\/4&#8243;][vc_single_image image=&#8220;628&#8243; img_size=&#8220;full&#8220; onclick=&#8220;custom_link&#8220; img_link_target=&#8220;_blank&#8220; link=&#8220;http:\/\/www.international-sur-loire.com\/pdf\/Letter-of-Recommendation-Britta-2017.pdf&#8220; css=&#8220;.vc_custom_1504531058935{border-top-width: 1px !important;border-right-width: 1px !important;border-bottom-width: 1px !important;border-left-width: 1px !important;border-left-color: #bfbfbf !important;border-left-style: solid !important;border-right-color: #bfbfbf !important;border-right-style: solid !important;border-top-color: #bfbfbf !important;border-top-style: solid !important;border-bottom-color: #bfbfbf !important;border-bottom-style: solid !important;border-radius: 1px !important;}&#8220;][vc_column_text]<\/p>\n<p style=\"text-align: center;\"><small>THE SIOUX CHEF<\/small><\/p>\n<p style=\"text-align: center;\">(Minneapolis, USA)<\/p>\n<p>[\/vc_column_text][\/vc_column_inner][vc_column_inner width=&#8220;1\/4&#8243;][vc_single_image image=&#8220;966&#8243; img_size=&#8220;full&#8220; onclick=&#8220;custom_link&#8220; img_link_target=&#8220;_blank&#8220; link=&#8220;http:\/\/www.international-sur-loire.com\/pdf\/The-Education-Valley.pdf&#8220; css=&#8220;.vc_custom_1511951961236{border-top-width: 1px !important;border-right-width: 1px !important;border-bottom-width: 1px !important;border-left-width: 1px !important;border-left-color: #bfbfbf !important;border-left-style: solid !important;border-right-color: #bfbfbf !important;border-right-style: solid !important;border-top-color: #bfbfbf !important;border-top-style: solid !important;border-bottom-color: #bfbfbf !important;border-bottom-style: solid !important;border-radius: 1px !important;}&#8220;][vc_column_text]<\/p>\n<p style=\"text-align: center;\"><small>Patrick Hibon de Frohen<\/small><\/p>\n<p style=\"text-align: center;\">The Education Valley<\/p>\n<p>[\/vc_column_text][\/vc_column_inner][\/vc_row_inner][vc_row_inner][vc_column_inner width=&#8220;1\/4&#8243;][vc_single_image image=&#8220;1172&#8243; img_size=&#8220;full&#8220; onclick=&#8220;custom_link&#8220; img_link_target=&#8220;_blank&#8220; link=&#8220;http:\/\/www.international-sur-loire.com\/pdf\/feed-back-franck-boucheraud.pdf&#8220; css=&#8220;.vc_custom_1535736631083{border-top-width: 1px !important;border-right-width: 1px !important;border-bottom-width: 1px !important;border-left-width: 1px !important;border-left-color: #bcbcbc !important;border-left-style: solid !important;border-right-color: #bcbcbc !important;border-right-style: solid !important;border-top-color: #bcbcbc !important;border-top-style: solid !important;border-bottom-color: #bcbcbc !important;border-bottom-style: solid !important;border-radius: 1px !important;}&#8220;][vc_column_text]<\/p>\n<p style=\"text-align: center;\"><small>Talent Buyer for the Canadian Music Night<\/small><\/p>\n<p style=\"text-align: center;\">(Lailly En Val , France)<\/p>\n<p>[\/vc_column_text][\/vc_column_inner][vc_column_inner width=&#8220;1\/4&#8243;][\/vc_column_inner][vc_column_inner width=&#8220;1\/4&#8243;][\/vc_column_inner][vc_column_inner width=&#8220;1\/4&#8243;][\/vc_column_inner][\/vc_row_inner][\/vc_column][\/vc_row]<\/p>\n","protected":false},"excerpt":{"rendered":"<p>[vc_row][vc_column css=&#8220;.vc_custom_1504170812721{margin-bottom: 3% !important;}&#8220;][vc_row_inner][vc_column_inner][\/vc_column_inner][\/vc_row_inner][\/vc_column][\/vc_row][vc_row][vc_column][vc_column_text] Abladbare Dokumente [\/vc_column_text][vc_row_inner][vc_column_inner width=&#8220;1\/4&#8243;][vc_single_image image=&#8220;527&#8243; img_size=&#8220;full&#8220; onclick=&#8220;custom_link&#8220; img_link_target=&#8220;_blank&#8220; link=&#8220;http:\/\/www.international-sur-loire.com\/pdf\/REM-Centre-St-Martin-Tours.pdf&#8220; css=&#8220;.vc_custom_1504209351533{border-top-width: 1px !important;border-right-width: 1px !important;border-bottom-width: 1px !important;border-left-width: 1px !important;border-left-color: #bcbcbc !important;border-left-style: solid !important;border-right-color: #bcbcbc !important;border-right-style: solid !important;border-top-color: #bcbcbc !important;border-top-style: solid !important;border-bottom-color: #bcbcbc !important;border-bottom-style: solid !important;border-radius: 1px !important;}&#8220;][vc_column_text] Centre Culturel Europ\u00e9en Saint Martin de Tours (Tours, France) [\/vc_column_text][\/vc_column_inner][vc_column_inner width=&#8220;1\/4&#8243;][vc_single_image image=&#8220;526&#8243; img_size=&#8220;full&#8220; onclick=&#8220;custom_link&#8220; img_link_target=&#8220;_blank&#8220;&hellip;<\/p>\n","protected":false},"author":1,"featured_media":0,"parent":0,"menu_order":0,"comment_status":"closed","ping_status":"closed","template":"","meta":{"footnotes":""},"class_list":["post-735","page","type-page","status-publish","hentry","description-off"],"yoast_head":"<!-- This site is optimized with the Yoast SEO plugin v26.4 - https:\/\/yoast.com\/wordpress\/plugins\/seo\/ -->\n<title>ANERKENNUNGEN - International-sur-Loire<\/title>\n<meta name=\"robots\" content=\"index, follow, max-snippet:-1, max-image-preview:large, max-video-preview:-1\" \/>\n<link rel=\"canonical\" href=\"https:\/\/www.international-sur-loire.com\/de\/anerkennungen\/\" \/>\n<meta property=\"og:locale\" content=\"de_DE\" \/>\n<meta property=\"og:type\" content=\"article\" \/>\n<meta property=\"og:title\" content=\"ANERKENNUNGEN - International-sur-Loire\" \/>\n<meta property=\"og:description\" content=\"[vc_row][vc_column css=&#8220;.vc_custom_1504170812721{margin-bottom: 3% !important;}&#8220;][vc_row_inner][vc_column_inner][\/vc_column_inner][\/vc_row_inner][\/vc_column][\/vc_row][vc_row][vc_column][vc_column_text] Abladbare Dokumente [\/vc_column_text][vc_row_inner][vc_column_inner width=&#8220;1\/4&#8243;][vc_single_image image=&#8220;527&#8243; img_size=&#8220;full&#8220; onclick=&#8220;custom_link&#8220; img_link_target=&#8220;_blank&#8220; link=&#8220;http:\/\/www.international-sur-loire.com\/pdf\/REM-Centre-St-Martin-Tours.pdf&#8220; css=&#8220;.vc_custom_1504209351533{border-top-width: 1px !important;border-right-width: 1px !important;border-bottom-width: 1px !important;border-left-width: 1px !important;border-left-color: #bcbcbc !important;border-left-style: solid !important;border-right-color: #bcbcbc !important;border-right-style: solid !important;border-top-color: #bcbcbc !important;border-top-style: solid !important;border-bottom-color: #bcbcbc !important;border-bottom-style: solid !important;border-radius: 1px !important;}&#8220;][vc_column_text] Centre Culturel Europ\u00e9en Saint Martin de Tours (Tours, France) [\/vc_column_text][\/vc_column_inner][vc_column_inner width=&#8220;1\/4&#8243;][vc_single_image image=&#8220;526&#8243; img_size=&#8220;full&#8220; onclick=&#8220;custom_link&#8220; img_link_target=&#8220;_blank&#8220;&hellip;\" \/>\n<meta property=\"og:url\" content=\"https:\/\/www.international-sur-loire.com\/de\/anerkennungen\/\" \/>\n<meta property=\"og:site_name\" content=\"International-sur-Loire\" \/>\n<meta property=\"article:modified_time\" content=\"2018-08-31T17:33:22+00:00\" \/>\n<meta name=\"twitter:card\" content=\"summary_large_image\" \/>\n<meta name=\"twitter:label1\" content=\"Gesch\u00e4tzte Lesezeit\" \/>\n\t<meta name=\"twitter:data1\" content=\"3\u00a0Minuten\" \/>\n<script type=\"application\/ld+json\" class=\"yoast-schema-graph\">{\"@context\":\"https:\/\/schema.org\",\"@graph\":[{\"@type\":\"WebPage\",\"@id\":\"https:\/\/www.international-sur-loire.com\/de\/anerkennungen\/\",\"url\":\"https:\/\/www.international-sur-loire.com\/de\/anerkennungen\/\",\"name\":\"ANERKENNUNGEN - International-sur-Loire\",\"isPartOf\":{\"@id\":\"https:\/\/www.international-sur-loire.com\/#website\"},\"datePublished\":\"2017-09-20T16:36:01+00:00\",\"dateModified\":\"2018-08-31T17:33:22+00:00\",\"breadcrumb\":{\"@id\":\"https:\/\/www.international-sur-loire.com\/de\/anerkennungen\/#breadcrumb\"},\"inLanguage\":\"de\",\"potentialAction\":[{\"@type\":\"ReadAction\",\"target\":[\"https:\/\/www.international-sur-loire.com\/de\/anerkennungen\/\"]}]},{\"@type\":\"BreadcrumbList\",\"@id\":\"https:\/\/www.international-sur-loire.com\/de\/anerkennungen\/#breadcrumb\",\"itemListElement\":[{\"@type\":\"ListItem\",\"position\":1,\"name\":\"Accueil\",\"item\":\"https:\/\/www.international-sur-loire.com\/de\/\"},{\"@type\":\"ListItem\",\"position\":2,\"name\":\"ANERKENNUNGEN\"}]},{\"@type\":\"WebSite\",\"@id\":\"https:\/\/www.international-sur-loire.com\/#website\",\"url\":\"https:\/\/www.international-sur-loire.com\/\",\"name\":\"International-sur-Loire\",\"description\":\"CONSULTING INTERNATIONAL &amp; CULTUREL\",\"potentialAction\":[{\"@type\":\"SearchAction\",\"target\":{\"@type\":\"EntryPoint\",\"urlTemplate\":\"https:\/\/www.international-sur-loire.com\/?s={search_term_string}\"},\"query-input\":{\"@type\":\"PropertyValueSpecification\",\"valueRequired\":true,\"valueName\":\"search_term_string\"}}],\"inLanguage\":\"de\"}]}<\/script>\n<!-- \/ Yoast SEO plugin. -->","yoast_head_json":{"title":"ANERKENNUNGEN - International-sur-Loire","robots":{"index":"index","follow":"follow","max-snippet":"max-snippet:-1","max-image-preview":"max-image-preview:large","max-video-preview":"max-video-preview:-1"},"canonical":"https:\/\/www.international-sur-loire.com\/de\/anerkennungen\/","og_locale":"de_DE","og_type":"article","og_title":"ANERKENNUNGEN - International-sur-Loire","og_description":"[vc_row][vc_column css=&#8220;.vc_custom_1504170812721{margin-bottom: 3% !important;}&#8220;][vc_row_inner][vc_column_inner][\/vc_column_inner][\/vc_row_inner][\/vc_column][\/vc_row][vc_row][vc_column][vc_column_text] Abladbare Dokumente [\/vc_column_text][vc_row_inner][vc_column_inner width=&#8220;1\/4&#8243;][vc_single_image image=&#8220;527&#8243; img_size=&#8220;full&#8220; onclick=&#8220;custom_link&#8220; img_link_target=&#8220;_blank&#8220; link=&#8220;http:\/\/www.international-sur-loire.com\/pdf\/REM-Centre-St-Martin-Tours.pdf&#8220; css=&#8220;.vc_custom_1504209351533{border-top-width: 1px !important;border-right-width: 1px !important;border-bottom-width: 1px !important;border-left-width: 1px !important;border-left-color: #bcbcbc !important;border-left-style: solid !important;border-right-color: #bcbcbc !important;border-right-style: solid !important;border-top-color: #bcbcbc !important;border-top-style: solid !important;border-bottom-color: #bcbcbc !important;border-bottom-style: solid !important;border-radius: 1px !important;}&#8220;][vc_column_text] Centre Culturel Europ\u00e9en Saint Martin de Tours (Tours, France) [\/vc_column_text][\/vc_column_inner][vc_column_inner width=&#8220;1\/4&#8243;][vc_single_image image=&#8220;526&#8243; img_size=&#8220;full&#8220; onclick=&#8220;custom_link&#8220; img_link_target=&#8220;_blank&#8220;&hellip;","og_url":"https:\/\/www.international-sur-loire.com\/de\/anerkennungen\/","og_site_name":"International-sur-Loire","article_modified_time":"2018-08-31T17:33:22+00:00","twitter_card":"summary_large_image","twitter_misc":{"Gesch\u00e4tzte Lesezeit":"3\u00a0Minuten"},"schema":{"@context":"https:\/\/schema.org","@graph":[{"@type":"WebPage","@id":"https:\/\/www.international-sur-loire.com\/de\/anerkennungen\/","url":"https:\/\/www.international-sur-loire.com\/de\/anerkennungen\/","name":"ANERKENNUNGEN - International-sur-Loire","isPartOf":{"@id":"https:\/\/www.international-sur-loire.com\/#website"},"datePublished":"2017-09-20T16:36:01+00:00","dateModified":"2018-08-31T17:33:22+00:00","breadcrumb":{"@id":"https:\/\/www.international-sur-loire.com\/de\/anerkennungen\/#breadcrumb"},"inLanguage":"de","potentialAction":[{"@type":"ReadAction","target":["https:\/\/www.international-sur-loire.com\/de\/anerkennungen\/"]}]},{"@type":"BreadcrumbList","@id":"https:\/\/www.international-sur-loire.com\/de\/anerkennungen\/#breadcrumb","itemListElement":[{"@type":"ListItem","position":1,"name":"Accueil","item":"https:\/\/www.international-sur-loire.com\/de\/"},{"@type":"ListItem","position":2,"name":"ANERKENNUNGEN"}]},{"@type":"WebSite","@id":"https:\/\/www.international-sur-loire.com\/#website","url":"https:\/\/www.international-sur-loire.com\/","name":"International-sur-Loire","description":"CONSULTING INTERNATIONAL &amp; CULTUREL","potentialAction":[{"@type":"SearchAction","target":{"@type":"EntryPoint","urlTemplate":"https:\/\/www.international-sur-loire.com\/?s={search_term_string}"},"query-input":{"@type":"PropertyValueSpecification","valueRequired":true,"valueName":"search_term_string"}}],"inLanguage":"de"}]}},"_links":{"self":[{"href":"https:\/\/www.international-sur-loire.com\/de\/wp-json\/wp\/v2\/pages\/735","targetHints":{"allow":["GET"]}}],"collection":[{"href":"https:\/\/www.international-sur-loire.com\/de\/wp-json\/wp\/v2\/pages"}],"about":[{"href":"https:\/\/www.international-sur-loire.com\/de\/wp-json\/wp\/v2\/types\/page"}],"author":[{"embeddable":true,"href":"https:\/\/www.international-sur-loire.com\/de\/wp-json\/wp\/v2\/users\/1"}],"replies":[{"embeddable":true,"href":"https:\/\/www.international-sur-loire.com\/de\/wp-json\/wp\/v2\/comments?post=735"}],"version-history":[{"count":6,"href":"https:\/\/www.international-sur-loire.com\/de\/wp-json\/wp\/v2\/pages\/735\/revisions"}],"predecessor-version":[{"id":1182,"href":"https:\/\/www.international-sur-loire.com\/de\/wp-json\/wp\/v2\/pages\/735\/revisions\/1182"}],"wp:attachment":[{"href":"https:\/\/www.international-sur-loire.com\/de\/wp-json\/wp\/v2\/media?parent=735"}],"curies":[{"name":"wp","href":"https:\/\/api.w.org\/{rel}","templated":true}]}}