{"id":726,"date":"2017-09-20T18:09:46","date_gmt":"2017-09-20T16:09:46","guid":{"rendered":"http:\/\/www.international-sur-loire.com\/study-abroad\/sprachreisen\/"},"modified":"2017-10-05T10:37:26","modified_gmt":"2017-10-05T08:37:26","slug":"sprachreisen","status":"publish","type":"page","link":"https:\/\/www.international-sur-loire.com\/de\/study-abroad\/sprachreisen\/","title":{"rendered":"SPRACHREISEN"},"content":{"rendered":"<p>[vc_row][vc_column][vc_row_inner][vc_column_inner width=&#8220;1\/2&#8243;][vc_column_text css_animation=&#8220;fadeInLeft&#8220; css=&#8220;.vc_custom_1507192576891{padding-right: 3% !important;padding-left: 3% !important;}&#8220;]<img decoding=\"async\" class=\"alignleft size-full wp-image-1937\" src=\"http:\/\/www.international-sur-loire.com\/wp-content\/uploads\/2017\/08\/britta-vincent.png\" alt=\"\" width=\"110\" height=\"\" \/><\/p>\n<p style=\"text-align: justify;\"><strong>Britta Vincent hat fast 10 Jahre ihres Berufslebens der h\u00f6heren Bildung gewidmet, insbesonders<\/strong>, Franz\u00f6sisch als Fremdsprache (FLE), das sie auf zahlreichen Dienstreisen in verschiedenen L\u00e4ndern promoviert hat. Sie hat die positiven Auswirkungen von Sprachaufenthalten im Ausland aufgezeigt und Tausende von Studenten aus aller Welt in die Touraine geholt, wo sie Franz\u00f6sisch &#8222;live&#8220; gelernt haben.<\/p>\n<p style=\"text-align: justify;\"><em>&#8222;Meine eigenen deutschen Wurzeln, meine Reiselust, mein Hang zur Interkulturalit\u00e4t und zur Weitergabe gehen Hand in Hand mit der Wichtigkeit, Fremdsprachen zu beherrschen \u2013 im aktuellen politischen und wirtschaftlichen Kontext mehr denn je!<\/em><\/p>\n<p style=\"text-align: justify;\"><em>Eine Sprachreise ins Ausland ist nicht nur ein wichtiger Punkt in Ihrem Lebenslauf, sondern auch eine pers\u00f6nliche Bereicherung und eine unvergessliche Erfahrung \u2013 unter der Bedingung, dass Sie eine wirklich passende Schule ausgew\u00e4hlt haben, das richtige Programm und dass Sie dabei professionell perfekt beraten werden von einem erfahrenen und spezialisierten Profi.<\/em><\/p>\n<p>[\/vc_column_text][\/vc_column_inner][vc_column_inner width=&#8220;1\/2&#8243;][vc_column_text css_animation=&#8220;fadeInRight&#8220; css=&#8220;.vc_custom_1505923985295{padding-right: 3% !important;padding-left: 3% !important;}&#8220;]<\/p>\n<p style=\"text-align: justify;\"><em>Nichts ist schlimmer, als auf sich selbst gestellt auf Internet irgendetwas zu buchen (es fehlt ja nicht an Auswahl !) und dann eine b\u00f6se \u00dcberraschung zu erleben. International-sur-Loire zu w\u00e4hlen, heisst Qualit\u00e4t w\u00e4hlen, einen echten Profi zu Rat zu ziehen und somit sein Projekt v\u00f6llig beruhigt zu f\u00fchren. Zudem ist unser Service absolut kostenlos f\u00fcr den Kunden : wir stellen keine Provision in Rechnung. Sie zahlen den Betrag, den Sie auch direkt an die Schule gezahlt h\u00e4tten, und manchmal kommt es sogar vor, dass Sie Geld sparen im Vergleich zu einem Direktkauf bei einer Schule, denn wir handeln auch ab und zu Sonderpreise aus f\u00fcr ISL-Kunden.<\/em><\/p>\n<p style=\"text-align: justify;\">International-sur-Loire geht individuell auf seine Kunden ein, begleitet ihr Projekt, sei es f\u00fcr einen Sommeraufenthalt oder einen l\u00e4ngeren Auslandsaufenthalt in Frankreich oder in anderen L\u00e4ndern.<\/p>\n<p style=\"text-align: justify;\"><strong>Wir sind auch imstande, Sie zu beraten und zu orientieren in Bezug auf ein Studium in Frankreich, sei es an einer Uni, an einer kaufm\u00e4nnischen Schule, Kunstschule oder anderen Strukturen\u2026<\/strong><\/p>\n<p>[\/vc_column_text][vc_column_text css=&#8220;.vc_custom_1507192637946{padding-right: 2% !important;padding-left: 2% !important;}&#8220;]<\/p>\n<p style=\"margin-bottom: 15px;\"><strong>Wir sind von Berufsverb\u00e4nden anerkannt:<\/strong><\/p>\n<p><img decoding=\"async\" class=\"alignleft size-full wp-image-617\" src=\"http:\/\/www.international-sur-loire.com\/wp-content\/uploads\/2017\/09\/alphe.png\" alt=\"\" width=\"160\" height=\"\" srcset=\"https:\/\/www.international-sur-loire.com\/wp-content\/uploads\/2017\/09\/alphe.png 646w, https:\/\/www.international-sur-loire.com\/wp-content\/uploads\/2017\/09\/alphe-300x104.png 300w\" sizes=\"(max-width: 646px) 100vw, 646px\" \/><img decoding=\"async\" class=\"alignright size-full wp-image-618\" src=\"http:\/\/www.international-sur-loire.com\/wp-content\/uploads\/2017\/09\/icef.png\" alt=\"\" width=\"140\" height=\"\" srcset=\"https:\/\/www.international-sur-loire.com\/wp-content\/uploads\/2017\/09\/icef.png 401w, https:\/\/www.international-sur-loire.com\/wp-content\/uploads\/2017\/09\/icef-300x94.png 300w\" sizes=\"(max-width: 401px) 100vw, 401px\" \/>[\/vc_column_text][\/vc_column_inner][\/vc_row_inner][\/vc_column][\/vc_row]<\/p>\n","protected":false},"excerpt":{"rendered":"<p>[vc_row][vc_column][vc_row_inner][vc_column_inner width=&#8220;1\/2&#8243;][vc_column_text css_animation=&#8220;fadeInLeft&#8220; css=&#8220;.vc_custom_1507192576891{padding-right: 3% !important;padding-left: 3% !important;}&#8220;] Britta Vincent hat fast 10 Jahre ihres Berufslebens der h\u00f6heren Bildung gewidmet, insbesonders, Franz\u00f6sisch als Fremdsprache (FLE), das sie auf zahlreichen Dienstreisen in verschiedenen L\u00e4ndern promoviert hat. Sie hat die positiven Auswirkungen von Sprachaufenthalten im Ausland aufgezeigt und Tausende von Studenten aus aller Welt in die Touraine&hellip;<\/p>\n","protected":false},"author":1,"featured_media":0,"parent":691,"menu_order":0,"comment_status":"closed","ping_status":"closed","template":"","meta":{"footnotes":""},"class_list":["post-726","page","type-page","status-publish","hentry","description-off"],"yoast_head":"<!-- This site is optimized with the Yoast SEO plugin v26.4 - https:\/\/yoast.com\/wordpress\/plugins\/seo\/ -->\n<title>SPRACHREISEN - International-sur-Loire<\/title>\n<meta name=\"robots\" content=\"index, follow, max-snippet:-1, max-image-preview:large, max-video-preview:-1\" \/>\n<link rel=\"canonical\" href=\"https:\/\/www.international-sur-loire.com\/de\/study-abroad\/sprachreisen\/\" \/>\n<meta property=\"og:locale\" content=\"de_DE\" \/>\n<meta property=\"og:type\" content=\"article\" \/>\n<meta property=\"og:title\" content=\"SPRACHREISEN - International-sur-Loire\" \/>\n<meta property=\"og:description\" content=\"[vc_row][vc_column][vc_row_inner][vc_column_inner width=&#8220;1\/2&#8243;][vc_column_text css_animation=&#8220;fadeInLeft&#8220; css=&#8220;.vc_custom_1507192576891{padding-right: 3% !important;padding-left: 3% !important;}&#8220;] Britta Vincent hat fast 10 Jahre ihres Berufslebens der h\u00f6heren Bildung gewidmet, insbesonders, Franz\u00f6sisch als Fremdsprache (FLE), das sie auf zahlreichen Dienstreisen in verschiedenen L\u00e4ndern promoviert hat. Sie hat die positiven Auswirkungen von Sprachaufenthalten im Ausland aufgezeigt und Tausende von Studenten aus aller Welt in die Touraine&hellip;\" \/>\n<meta property=\"og:url\" content=\"https:\/\/www.international-sur-loire.com\/de\/study-abroad\/sprachreisen\/\" \/>\n<meta property=\"og:site_name\" content=\"International-sur-Loire\" \/>\n<meta property=\"article:modified_time\" content=\"2017-10-05T08:37:26+00:00\" \/>\n<meta property=\"og:image\" content=\"http:\/\/www.international-sur-loire.com\/wp-content\/uploads\/2017\/08\/britta-vincent.png\" \/>\n<meta name=\"twitter:card\" content=\"summary_large_image\" \/>\n<meta name=\"twitter:label1\" content=\"Gesch\u00e4tzte Lesezeit\" \/>\n\t<meta name=\"twitter:data1\" content=\"2\u00a0Minuten\" \/>\n<script type=\"application\/ld+json\" class=\"yoast-schema-graph\">{\"@context\":\"https:\/\/schema.org\",\"@graph\":[{\"@type\":\"WebPage\",\"@id\":\"https:\/\/www.international-sur-loire.com\/de\/study-abroad\/sprachreisen\/\",\"url\":\"https:\/\/www.international-sur-loire.com\/de\/study-abroad\/sprachreisen\/\",\"name\":\"SPRACHREISEN - International-sur-Loire\",\"isPartOf\":{\"@id\":\"https:\/\/www.international-sur-loire.com\/#website\"},\"primaryImageOfPage\":{\"@id\":\"https:\/\/www.international-sur-loire.com\/de\/study-abroad\/sprachreisen\/#primaryimage\"},\"image\":{\"@id\":\"https:\/\/www.international-sur-loire.com\/de\/study-abroad\/sprachreisen\/#primaryimage\"},\"thumbnailUrl\":\"http:\/\/www.international-sur-loire.com\/wp-content\/uploads\/2017\/08\/britta-vincent.png\",\"datePublished\":\"2017-09-20T16:09:46+00:00\",\"dateModified\":\"2017-10-05T08:37:26+00:00\",\"breadcrumb\":{\"@id\":\"https:\/\/www.international-sur-loire.com\/de\/study-abroad\/sprachreisen\/#breadcrumb\"},\"inLanguage\":\"de\",\"potentialAction\":[{\"@type\":\"ReadAction\",\"target\":[\"https:\/\/www.international-sur-loire.com\/de\/study-abroad\/sprachreisen\/\"]}]},{\"@type\":\"ImageObject\",\"inLanguage\":\"de\",\"@id\":\"https:\/\/www.international-sur-loire.com\/de\/study-abroad\/sprachreisen\/#primaryimage\",\"url\":\"http:\/\/www.international-sur-loire.com\/wp-content\/uploads\/2017\/08\/britta-vincent.png\",\"contentUrl\":\"http:\/\/www.international-sur-loire.com\/wp-content\/uploads\/2017\/08\/britta-vincent.png\"},{\"@type\":\"BreadcrumbList\",\"@id\":\"https:\/\/www.international-sur-loire.com\/de\/study-abroad\/sprachreisen\/#breadcrumb\",\"itemListElement\":[{\"@type\":\"ListItem\",\"position\":1,\"name\":\"Accueil\",\"item\":\"https:\/\/www.international-sur-loire.com\/de\/\"},{\"@type\":\"ListItem\",\"position\":2,\"name\":\"STUDY ABROAD\",\"item\":\"https:\/\/www.international-sur-loire.com\/de\/study-abroad\/\"},{\"@type\":\"ListItem\",\"position\":3,\"name\":\"SPRACHREISEN\"}]},{\"@type\":\"WebSite\",\"@id\":\"https:\/\/www.international-sur-loire.com\/#website\",\"url\":\"https:\/\/www.international-sur-loire.com\/\",\"name\":\"International-sur-Loire\",\"description\":\"CONSULTING INTERNATIONAL &amp; CULTUREL\",\"potentialAction\":[{\"@type\":\"SearchAction\",\"target\":{\"@type\":\"EntryPoint\",\"urlTemplate\":\"https:\/\/www.international-sur-loire.com\/?s={search_term_string}\"},\"query-input\":{\"@type\":\"PropertyValueSpecification\",\"valueRequired\":true,\"valueName\":\"search_term_string\"}}],\"inLanguage\":\"de\"}]}<\/script>\n<!-- \/ Yoast SEO plugin. -->","yoast_head_json":{"title":"SPRACHREISEN - International-sur-Loire","robots":{"index":"index","follow":"follow","max-snippet":"max-snippet:-1","max-image-preview":"max-image-preview:large","max-video-preview":"max-video-preview:-1"},"canonical":"https:\/\/www.international-sur-loire.com\/de\/study-abroad\/sprachreisen\/","og_locale":"de_DE","og_type":"article","og_title":"SPRACHREISEN - International-sur-Loire","og_description":"[vc_row][vc_column][vc_row_inner][vc_column_inner width=&#8220;1\/2&#8243;][vc_column_text css_animation=&#8220;fadeInLeft&#8220; css=&#8220;.vc_custom_1507192576891{padding-right: 3% !important;padding-left: 3% !important;}&#8220;] Britta Vincent hat fast 10 Jahre ihres Berufslebens der h\u00f6heren Bildung gewidmet, insbesonders, Franz\u00f6sisch als Fremdsprache (FLE), das sie auf zahlreichen Dienstreisen in verschiedenen L\u00e4ndern promoviert hat. Sie hat die positiven Auswirkungen von Sprachaufenthalten im Ausland aufgezeigt und Tausende von Studenten aus aller Welt in die Touraine&hellip;","og_url":"https:\/\/www.international-sur-loire.com\/de\/study-abroad\/sprachreisen\/","og_site_name":"International-sur-Loire","article_modified_time":"2017-10-05T08:37:26+00:00","og_image":[{"url":"http:\/\/www.international-sur-loire.com\/wp-content\/uploads\/2017\/08\/britta-vincent.png","type":"","width":"","height":""}],"twitter_card":"summary_large_image","twitter_misc":{"Gesch\u00e4tzte Lesezeit":"2\u00a0Minuten"},"schema":{"@context":"https:\/\/schema.org","@graph":[{"@type":"WebPage","@id":"https:\/\/www.international-sur-loire.com\/de\/study-abroad\/sprachreisen\/","url":"https:\/\/www.international-sur-loire.com\/de\/study-abroad\/sprachreisen\/","name":"SPRACHREISEN - International-sur-Loire","isPartOf":{"@id":"https:\/\/www.international-sur-loire.com\/#website"},"primaryImageOfPage":{"@id":"https:\/\/www.international-sur-loire.com\/de\/study-abroad\/sprachreisen\/#primaryimage"},"image":{"@id":"https:\/\/www.international-sur-loire.com\/de\/study-abroad\/sprachreisen\/#primaryimage"},"thumbnailUrl":"http:\/\/www.international-sur-loire.com\/wp-content\/uploads\/2017\/08\/britta-vincent.png","datePublished":"2017-09-20T16:09:46+00:00","dateModified":"2017-10-05T08:37:26+00:00","breadcrumb":{"@id":"https:\/\/www.international-sur-loire.com\/de\/study-abroad\/sprachreisen\/#breadcrumb"},"inLanguage":"de","potentialAction":[{"@type":"ReadAction","target":["https:\/\/www.international-sur-loire.com\/de\/study-abroad\/sprachreisen\/"]}]},{"@type":"ImageObject","inLanguage":"de","@id":"https:\/\/www.international-sur-loire.com\/de\/study-abroad\/sprachreisen\/#primaryimage","url":"http:\/\/www.international-sur-loire.com\/wp-content\/uploads\/2017\/08\/britta-vincent.png","contentUrl":"http:\/\/www.international-sur-loire.com\/wp-content\/uploads\/2017\/08\/britta-vincent.png"},{"@type":"BreadcrumbList","@id":"https:\/\/www.international-sur-loire.com\/de\/study-abroad\/sprachreisen\/#breadcrumb","itemListElement":[{"@type":"ListItem","position":1,"name":"Accueil","item":"https:\/\/www.international-sur-loire.com\/de\/"},{"@type":"ListItem","position":2,"name":"STUDY ABROAD","item":"https:\/\/www.international-sur-loire.com\/de\/study-abroad\/"},{"@type":"ListItem","position":3,"name":"SPRACHREISEN"}]},{"@type":"WebSite","@id":"https:\/\/www.international-sur-loire.com\/#website","url":"https:\/\/www.international-sur-loire.com\/","name":"International-sur-Loire","description":"CONSULTING INTERNATIONAL &amp; CULTUREL","potentialAction":[{"@type":"SearchAction","target":{"@type":"EntryPoint","urlTemplate":"https:\/\/www.international-sur-loire.com\/?s={search_term_string}"},"query-input":{"@type":"PropertyValueSpecification","valueRequired":true,"valueName":"search_term_string"}}],"inLanguage":"de"}]}},"_links":{"self":[{"href":"https:\/\/www.international-sur-loire.com\/de\/wp-json\/wp\/v2\/pages\/726","targetHints":{"allow":["GET"]}}],"collection":[{"href":"https:\/\/www.international-sur-loire.com\/de\/wp-json\/wp\/v2\/pages"}],"about":[{"href":"https:\/\/www.international-sur-loire.com\/de\/wp-json\/wp\/v2\/types\/page"}],"author":[{"embeddable":true,"href":"https:\/\/www.international-sur-loire.com\/de\/wp-json\/wp\/v2\/users\/1"}],"replies":[{"embeddable":true,"href":"https:\/\/www.international-sur-loire.com\/de\/wp-json\/wp\/v2\/comments?post=726"}],"version-history":[{"count":4,"href":"https:\/\/www.international-sur-loire.com\/de\/wp-json\/wp\/v2\/pages\/726\/revisions"}],"predecessor-version":[{"id":882,"href":"https:\/\/www.international-sur-loire.com\/de\/wp-json\/wp\/v2\/pages\/726\/revisions\/882"}],"up":[{"embeddable":true,"href":"https:\/\/www.international-sur-loire.com\/de\/wp-json\/wp\/v2\/pages\/691"}],"wp:attachment":[{"href":"https:\/\/www.international-sur-loire.com\/de\/wp-json\/wp\/v2\/media?parent=726"}],"curies":[{"name":"wp","href":"https:\/\/api.w.org\/{rel}","templated":true}]}}