{"id":701,"date":"2017-09-20T15:50:41","date_gmt":"2017-09-20T13:50:41","guid":{"rendered":"http:\/\/www.international-sur-loire.com\/privatpersonen\/empfang-auslandischer-besucher-in-tours\/"},"modified":"2017-10-05T10:34:08","modified_gmt":"2017-10-05T08:34:08","slug":"empfang-auslandischer-besucher-in-tours","status":"publish","type":"page","link":"https:\/\/www.international-sur-loire.com\/de\/privatpersonen\/empfang-auslandischer-besucher-in-tours\/","title":{"rendered":"EMPFANG AUSL\u00c4NDISCHER BESUCHER IN TOURS"},"content":{"rendered":"<p>[vc_row][vc_column][vc_row_inner][vc_column_inner width=&#8220;1\/2&#8243;][vc_single_image image=&#8220;582&#8243; img_size=&#8220;full&#8220; alignment=&#8220;center&#8220; onclick=&#8220;link_image&#8220;][vc_column_text css_animation=&#8220;fadeInLeft&#8220;]<\/p>\n<p style=\"text-align: justify;\"><strong><em>Sie kommen nach Tours, um die Touraine privat zu besichtigen und m\u00f6chten, neben den klassischen Sehensw\u00fcrdigkeiten, die allt\u00e4glichen Fazetten der Einwohner unserer Region entdecken und auch das \u00ab versteckte \u00bb, ungewohnte Tours zu sehen bekommen?<\/em><\/strong><\/p>\n<p style=\"text-align: justify;\">Ein Programm \u00ab Die Touraine entdecken \u00bb \u00e0 la carte f\u00fcr 1 bis 12 Personen, entweder eine allgemeine oder thematische F\u00fchrung (die gastronomische Touraine, das ungew\u00f6hnliche Tours, die Touraine der Schriftsteller \u2026)<\/p>\n<p style=\"text-align: justify;\">Programm mit oder ohne F\u00fchrung.<\/p>\n<p style=\"text-align: justify;\">Auf Deutsch, Englisch oder Franz\u00f6sich. Andere Sprachen auf Anfrage.<\/p>\n<p style=\"text-align: justify;\">Option : Integration in einen Express-Franz\u00f6sischkurs (\u00dcberlebenskit), um die Grundlagen der franz\u00f6sischen Sprache zu erfassen und ein Minimum selbst sprechen zu k\u00f6nnen w\u00e4hrend Ihres Besuches.<\/p>\n<p style=\"text-align: justify;\"><strong>Andere Programme auf Anfrage und gerne \u00e0 la carte.<\/strong><\/p>\n<p>[\/vc_column_text][\/vc_column_inner][vc_column_inner width=&#8220;1\/2&#8243;][vc_column_text css_animation=&#8220;fadeInRight&#8220; css=&#8220;.vc_custom_1503997743053{padding-right: 2% !important;padding-left: 2% !important;}&#8220;]<\/p>\n<h3>Sie sind ein(e) Student(in) oder ein ausl\u00e4ndischer Arbeitnehmer und Sie lassen sich in Tours oder in der Touraine nieder?<\/h3>\n<ul>\n<li style=\"list-style-type: none;\">\n<ul>\n<li>Beratung<\/li>\n<li>Flatrate \u00ab Pers\u00f6nlicher Empfang \u00bb in Tours und praktische Stadtf\u00fchrung (mit hilfreichen Infos f\u00fcr den Alltag)<\/li>\n<li>Kontaktvermittlung mit franz\u00f6sischen Familien<\/li>\n<li>Kontaktsuche &#038; Kontaktvermittlung mit dem lokalen professionellen Netzwerk (je nach Domaine, das Sie besonders interessiert)<\/li>\n<li>\u00dcbersetzungen<\/li>\n<li>Hilfe bei Beh\u00f6rdeng\u00e4ngen<\/li>\n<li>Beratung, pers\u00f6nliche Orientierungshilfe und, wenn gew\u00fcnscht, Ameldung zu Franz\u00f6sischkursen in Tours :\n<ul>\n<li>Intensivkurse, Abendkurse, Unterkunft, kulturelle Programme (ja nach Wahl).<\/li>\n<li>Wir arbeiten ausschliesslich mit Schulen, die ein G\u00fctezeichen erworben haben und nach strengsten Kriterien ausgew\u00e4hlt sind.<\/li>\n<\/ul>\n<\/li>\n<\/ul>\n<\/li>\n<\/ul>\n<p><strong>Leistungen in Deutsch, Englisch oder Franz\u00f6sisch. Andere Sprachen auf Anfrage.<\/strong>[\/vc_column_text][vc_column_text css_animation=&#8220;fadeIn&#8220; css=&#8220;.vc_custom_1503998843408{border-top-width: 2px !important;border-right-width: 2px !important;border-bottom-width: 2px !important;border-left-width: 2px !important;padding-top: 3% !important;padding-right: 3% !important;padding-bottom: 3% !important;padding-left: 3% !important;background-color: #f7f7f7 !important;border-left-color: #e5017d !important;border-left-style: solid !important;border-right-color: #e5017d !important;border-right-style: solid !important;border-top-color: #e5017d !important;border-top-style: solid !important;border-bottom-color: #e5017d !important;border-bottom-style: solid !important;border-radius: 2px !important;}&#8220;]<\/p>\n<p style=\"color: #e5017d; text-align: justify;\"><strong>Vertrauen Sie den Erfolg Ihres Aufenthaltes International-sur-Loire an, und dies bereits bevor Sie vor Ort ankommen !<\/strong><\/p>\n<p>[\/vc_column_text][\/vc_column_inner][\/vc_row_inner][vc_row_inner][vc_column_inner css=&#8220;.vc_custom_1504435223629{padding-top: 3% !important;padding-right: 3% !important;padding-bottom: 1% !important;padding-left: 3% !important;background-color: #009fe3 !important;}&#8220;][vc_column_text]<\/p>\n<h3 style=\"text-align: center; color: white;\">UNSERE ST\u00c4RKE :<br \/>\nMit Ihren Augen sehen \u2013 wir versetzen uns an Ihre Stelle. Wir haben alles selbst erlebt !<\/h3>\n<p>[\/vc_column_text][\/vc_column_inner][\/vc_row_inner][\/vc_column][\/vc_row]<\/p>\n","protected":false},"excerpt":{"rendered":"<p>[vc_row][vc_column][vc_row_inner][vc_column_inner width=&#8220;1\/2&#8243;][vc_single_image image=&#8220;582&#8243; img_size=&#8220;full&#8220; alignment=&#8220;center&#8220; onclick=&#8220;link_image&#8220;][vc_column_text css_animation=&#8220;fadeInLeft&#8220;] Sie kommen nach Tours, um die Touraine privat zu besichtigen und m\u00f6chten, neben den klassischen Sehensw\u00fcrdigkeiten, die allt\u00e4glichen Fazetten der Einwohner unserer Region entdecken und auch das \u00ab versteckte \u00bb, ungewohnte Tours zu sehen bekommen? Ein Programm \u00ab Die Touraine entdecken \u00bb \u00e0 la carte f\u00fcr 1 bis&hellip;<\/p>\n","protected":false},"author":1,"featured_media":0,"parent":696,"menu_order":0,"comment_status":"closed","ping_status":"closed","template":"","meta":{"footnotes":""},"class_list":["post-701","page","type-page","status-publish","hentry","description-off"],"yoast_head":"<!-- This site is optimized with the Yoast SEO plugin v26.4 - https:\/\/yoast.com\/wordpress\/plugins\/seo\/ -->\n<title>EMPFANG AUSL\u00c4NDISCHER BESUCHER IN TOURS - International-sur-Loire<\/title>\n<meta name=\"robots\" content=\"index, follow, max-snippet:-1, max-image-preview:large, max-video-preview:-1\" \/>\n<link rel=\"canonical\" href=\"https:\/\/www.international-sur-loire.com\/de\/privatpersonen\/empfang-auslandischer-besucher-in-tours\/\" \/>\n<meta property=\"og:locale\" content=\"de_DE\" \/>\n<meta property=\"og:type\" content=\"article\" \/>\n<meta property=\"og:title\" content=\"EMPFANG AUSL\u00c4NDISCHER BESUCHER IN TOURS - International-sur-Loire\" \/>\n<meta property=\"og:description\" content=\"[vc_row][vc_column][vc_row_inner][vc_column_inner width=&#8220;1\/2&#8243;][vc_single_image image=&#8220;582&#8243; img_size=&#8220;full&#8220; alignment=&#8220;center&#8220; onclick=&#8220;link_image&#8220;][vc_column_text css_animation=&#8220;fadeInLeft&#8220;] Sie kommen nach Tours, um die Touraine privat zu besichtigen und m\u00f6chten, neben den klassischen Sehensw\u00fcrdigkeiten, die allt\u00e4glichen Fazetten der Einwohner unserer Region entdecken und auch das \u00ab versteckte \u00bb, ungewohnte Tours zu sehen bekommen? Ein Programm \u00ab Die Touraine entdecken \u00bb \u00e0 la carte f\u00fcr 1 bis&hellip;\" \/>\n<meta property=\"og:url\" content=\"https:\/\/www.international-sur-loire.com\/de\/privatpersonen\/empfang-auslandischer-besucher-in-tours\/\" \/>\n<meta property=\"og:site_name\" content=\"International-sur-Loire\" \/>\n<meta property=\"article:modified_time\" content=\"2017-10-05T08:34:08+00:00\" \/>\n<meta name=\"twitter:card\" content=\"summary_large_image\" \/>\n<meta name=\"twitter:label1\" content=\"Gesch\u00e4tzte Lesezeit\" \/>\n\t<meta name=\"twitter:data1\" content=\"2\u00a0Minuten\" \/>\n<script type=\"application\/ld+json\" class=\"yoast-schema-graph\">{\"@context\":\"https:\/\/schema.org\",\"@graph\":[{\"@type\":\"WebPage\",\"@id\":\"https:\/\/www.international-sur-loire.com\/de\/privatpersonen\/empfang-auslandischer-besucher-in-tours\/\",\"url\":\"https:\/\/www.international-sur-loire.com\/de\/privatpersonen\/empfang-auslandischer-besucher-in-tours\/\",\"name\":\"EMPFANG AUSL\u00c4NDISCHER BESUCHER IN TOURS - International-sur-Loire\",\"isPartOf\":{\"@id\":\"https:\/\/www.international-sur-loire.com\/#website\"},\"datePublished\":\"2017-09-20T13:50:41+00:00\",\"dateModified\":\"2017-10-05T08:34:08+00:00\",\"breadcrumb\":{\"@id\":\"https:\/\/www.international-sur-loire.com\/de\/privatpersonen\/empfang-auslandischer-besucher-in-tours\/#breadcrumb\"},\"inLanguage\":\"de\",\"potentialAction\":[{\"@type\":\"ReadAction\",\"target\":[\"https:\/\/www.international-sur-loire.com\/de\/privatpersonen\/empfang-auslandischer-besucher-in-tours\/\"]}]},{\"@type\":\"BreadcrumbList\",\"@id\":\"https:\/\/www.international-sur-loire.com\/de\/privatpersonen\/empfang-auslandischer-besucher-in-tours\/#breadcrumb\",\"itemListElement\":[{\"@type\":\"ListItem\",\"position\":1,\"name\":\"Accueil\",\"item\":\"https:\/\/www.international-sur-loire.com\/de\/\"},{\"@type\":\"ListItem\",\"position\":2,\"name\":\"PRIVATPERSONEN\",\"item\":\"https:\/\/www.international-sur-loire.com\/de\/privatpersonen\/\"},{\"@type\":\"ListItem\",\"position\":3,\"name\":\"EMPFANG AUSL\u00c4NDISCHER BESUCHER IN TOURS\"}]},{\"@type\":\"WebSite\",\"@id\":\"https:\/\/www.international-sur-loire.com\/#website\",\"url\":\"https:\/\/www.international-sur-loire.com\/\",\"name\":\"International-sur-Loire\",\"description\":\"CONSULTING INTERNATIONAL &amp; CULTUREL\",\"potentialAction\":[{\"@type\":\"SearchAction\",\"target\":{\"@type\":\"EntryPoint\",\"urlTemplate\":\"https:\/\/www.international-sur-loire.com\/?s={search_term_string}\"},\"query-input\":{\"@type\":\"PropertyValueSpecification\",\"valueRequired\":true,\"valueName\":\"search_term_string\"}}],\"inLanguage\":\"de\"}]}<\/script>\n<!-- \/ Yoast SEO plugin. -->","yoast_head_json":{"title":"EMPFANG AUSL\u00c4NDISCHER BESUCHER IN TOURS - International-sur-Loire","robots":{"index":"index","follow":"follow","max-snippet":"max-snippet:-1","max-image-preview":"max-image-preview:large","max-video-preview":"max-video-preview:-1"},"canonical":"https:\/\/www.international-sur-loire.com\/de\/privatpersonen\/empfang-auslandischer-besucher-in-tours\/","og_locale":"de_DE","og_type":"article","og_title":"EMPFANG AUSL\u00c4NDISCHER BESUCHER IN TOURS - International-sur-Loire","og_description":"[vc_row][vc_column][vc_row_inner][vc_column_inner width=&#8220;1\/2&#8243;][vc_single_image image=&#8220;582&#8243; img_size=&#8220;full&#8220; alignment=&#8220;center&#8220; onclick=&#8220;link_image&#8220;][vc_column_text css_animation=&#8220;fadeInLeft&#8220;] Sie kommen nach Tours, um die Touraine privat zu besichtigen und m\u00f6chten, neben den klassischen Sehensw\u00fcrdigkeiten, die allt\u00e4glichen Fazetten der Einwohner unserer Region entdecken und auch das \u00ab versteckte \u00bb, ungewohnte Tours zu sehen bekommen? Ein Programm \u00ab Die Touraine entdecken \u00bb \u00e0 la carte f\u00fcr 1 bis&hellip;","og_url":"https:\/\/www.international-sur-loire.com\/de\/privatpersonen\/empfang-auslandischer-besucher-in-tours\/","og_site_name":"International-sur-Loire","article_modified_time":"2017-10-05T08:34:08+00:00","twitter_card":"summary_large_image","twitter_misc":{"Gesch\u00e4tzte Lesezeit":"2\u00a0Minuten"},"schema":{"@context":"https:\/\/schema.org","@graph":[{"@type":"WebPage","@id":"https:\/\/www.international-sur-loire.com\/de\/privatpersonen\/empfang-auslandischer-besucher-in-tours\/","url":"https:\/\/www.international-sur-loire.com\/de\/privatpersonen\/empfang-auslandischer-besucher-in-tours\/","name":"EMPFANG AUSL\u00c4NDISCHER BESUCHER IN TOURS - International-sur-Loire","isPartOf":{"@id":"https:\/\/www.international-sur-loire.com\/#website"},"datePublished":"2017-09-20T13:50:41+00:00","dateModified":"2017-10-05T08:34:08+00:00","breadcrumb":{"@id":"https:\/\/www.international-sur-loire.com\/de\/privatpersonen\/empfang-auslandischer-besucher-in-tours\/#breadcrumb"},"inLanguage":"de","potentialAction":[{"@type":"ReadAction","target":["https:\/\/www.international-sur-loire.com\/de\/privatpersonen\/empfang-auslandischer-besucher-in-tours\/"]}]},{"@type":"BreadcrumbList","@id":"https:\/\/www.international-sur-loire.com\/de\/privatpersonen\/empfang-auslandischer-besucher-in-tours\/#breadcrumb","itemListElement":[{"@type":"ListItem","position":1,"name":"Accueil","item":"https:\/\/www.international-sur-loire.com\/de\/"},{"@type":"ListItem","position":2,"name":"PRIVATPERSONEN","item":"https:\/\/www.international-sur-loire.com\/de\/privatpersonen\/"},{"@type":"ListItem","position":3,"name":"EMPFANG AUSL\u00c4NDISCHER BESUCHER IN TOURS"}]},{"@type":"WebSite","@id":"https:\/\/www.international-sur-loire.com\/#website","url":"https:\/\/www.international-sur-loire.com\/","name":"International-sur-Loire","description":"CONSULTING INTERNATIONAL &amp; CULTUREL","potentialAction":[{"@type":"SearchAction","target":{"@type":"EntryPoint","urlTemplate":"https:\/\/www.international-sur-loire.com\/?s={search_term_string}"},"query-input":{"@type":"PropertyValueSpecification","valueRequired":true,"valueName":"search_term_string"}}],"inLanguage":"de"}]}},"_links":{"self":[{"href":"https:\/\/www.international-sur-loire.com\/de\/wp-json\/wp\/v2\/pages\/701","targetHints":{"allow":["GET"]}}],"collection":[{"href":"https:\/\/www.international-sur-loire.com\/de\/wp-json\/wp\/v2\/pages"}],"about":[{"href":"https:\/\/www.international-sur-loire.com\/de\/wp-json\/wp\/v2\/types\/page"}],"author":[{"embeddable":true,"href":"https:\/\/www.international-sur-loire.com\/de\/wp-json\/wp\/v2\/users\/1"}],"replies":[{"embeddable":true,"href":"https:\/\/www.international-sur-loire.com\/de\/wp-json\/wp\/v2\/comments?post=701"}],"version-history":[{"count":2,"href":"https:\/\/www.international-sur-loire.com\/de\/wp-json\/wp\/v2\/pages\/701\/revisions"}],"predecessor-version":[{"id":880,"href":"https:\/\/www.international-sur-loire.com\/de\/wp-json\/wp\/v2\/pages\/701\/revisions\/880"}],"up":[{"embeddable":true,"href":"https:\/\/www.international-sur-loire.com\/de\/wp-json\/wp\/v2\/pages\/696"}],"wp:attachment":[{"href":"https:\/\/www.international-sur-loire.com\/de\/wp-json\/wp\/v2\/media?parent=701"}],"curies":[{"name":"wp","href":"https:\/\/api.w.org\/{rel}","templated":true}]}}