{"id":691,"date":"2017-09-20T12:43:41","date_gmt":"2017-09-20T10:43:41","guid":{"rendered":"http:\/\/www.international-sur-loire.com\/?page_id=691"},"modified":"2017-09-20T21:19:54","modified_gmt":"2017-09-20T19:19:54","slug":"study-abroad","status":"publish","type":"page","link":"https:\/\/www.international-sur-loire.com\/de\/study-abroad\/","title":{"rendered":"STUDY ABROAD"},"content":{"rendered":"<p>[vc_row gap=&#8220;20&#8243; css=&#8220;.vc_custom_1503911071273{margin-bottom: 0px !important;}&#8220;][vc_column css=&#8220;.vc_custom_1503911115111{margin-bottom: 0px !important;}&#8220;][vc_row_inner][vc_column_inner][vc_column_text css=&#8220;.vc_custom_1505904304802{margin-bottom: 0% !important;}&#8220;]<\/p>\n<h1 style=\"text-align: center; color: #e3e3e3; font-size: 56px; line-height: 58px; margin-bottom: -15px; letter-spacing: 1px;\">#UNSERE VERPFLICHTUNGEN<\/h1>\n<p style=\"text-align: center; color: black; font-size: 22px;\"><strong>&#8230;Rat &#8211; Hilfe &#8211; Orientierung<\/strong><\/p>\n<p>[\/vc_column_text][\/vc_column_inner][\/vc_row_inner][vc_row_inner][vc_column_inner width=&#8220;1\/3&#8243;][vc_column_text css_animation=&#8220;bottom-to-top&#8220;]<div class=\"hi-tpl inline\" data-align=\"center\" data-sizew=\"\" data-hidata=\"691X0\"><img decoding=\"async\" class=\"alignnone\" src=\"http:\/\/www.international-sur-loire.com\/wp-content\/uploads\/2017\/08\/sejour-linguistique-2017.jpg\" alt=\"SPRACHREISEN\" \/><\/div>[\/vc_column_text][\/vc_column_inner][vc_column_inner width=&#8220;1\/3&#8243;][vc_column_text css_animation=&#8220;bottom-to-top&#8220;]<div class=\"hi-tpl inline\" data-align=\"center\" data-sizew=\"\" data-hidata=\"691X1\"><img decoding=\"async\" class=\"alignnone\" src=\"http:\/\/www.international-sur-loire.com\/wp-content\/uploads\/2017\/08\/etudier-fle-france.jpg\" alt=\"FRANZ\u00d6SISCH LERNEN IN FRANKREICH (FLE)\" \/><\/div>[\/vc_column_text][\/vc_column_inner][vc_column_inner width=&#8220;1\/3&#8243;][vc_column_text css_animation=&#8220;bottom-to-top&#8220;]<div class=\"hi-tpl inline\" data-align=\"center\" data-sizew=\"\" data-hidata=\"691X2\"><img decoding=\"async\" class=\"alignnone\" src=\"http:\/\/www.international-sur-loire.com\/wp-content\/uploads\/2017\/09\/autres-langues-etranger-2017.jpg\" alt=\"ANDERE SPRACHEN LERNEN IM AUSLAND\" \/><\/div>[\/vc_column_text][\/vc_column_inner][\/vc_row_inner][\/vc_column][\/vc_row][vc_row css=&#8220;.vc_custom_1503911420727{margin-top: 4% !important;}&#8220;][vc_column][vc_row_inner][vc_column_inner width=&#8220;1\/2&#8243;][vc_column_text css_animation=&#8220;fadeInLeft&#8220; css=&#8220;.vc_custom_1505934187966{padding-right: 2% !important;padding-left: 2% !important;}&#8220;]<\/p>\n<p style=\"text-align: justify;\"><em><strong>Sie sind auf der Suche nach einem Sprachaufenthalt?<\/strong><\/em><\/p>\n<p style=\"text-align: justify;\">International-sur-Loire hat die optimale L\u00f6sung f\u00fcr Ihre individuellen Bed\u00fcrfnisse und begleitet Ihr Projekt, sei es f\u00fcr einen Sommerkurs oder einen l\u00e4ngeren Aufenthalt in Frankreich oder im Ausland.<\/p>\n<p style=\"text-align: justify;\">Eine Sprachreise ist nicht nur ein wichtiges Element, um Ihre Karriere zu f\u00f6rdern, sondern auch eine pers\u00f6nliche Bereicherung \u2013 unter der Bedingung, dass Sie passende Sprachschule und Programm ausw\u00e4hlen, und von einem erfahrenen und spezialisierten Profi begleitet werden.<\/p>\n<p><strong>Britta Vincent : <\/strong><\/p>\n<ul>\n<li>Steht f\u00fcr Qualit\u00e4t und Vertrauen, langj\u00e4hrige Erfahrung im Bereich h\u00f6herer Bildung<\/li>\n<li>Ein offenes Ohr und Wohlwollen in allen Lagen<\/li>\n<li>Beiderseitige Kompetenzen : auf Seiten der Schulen, andererseits als ausgebildete Agentur<\/li>\n<li>Ein dichtes Netzwerk auf allen Kontinenten<\/li>\n<li>Anerkannt von professionellen Organismen<\/li>\n<\/ul>\n<p style=\"text-align: justify;\">Dienstleistungen in Englisch, Deutsch oder Franz\u00f6sisch. Andere Sprachen auf Anfrage.<\/p>\n<p>[\/vc_column_text][\/vc_column_inner][vc_column_inner width=&#8220;1\/2&#8243;][vc_column_text css_animation=&#8220;fadeInRight&#8220; css=&#8220;.vc_custom_1505904201522{border-top-width: 2px !important;border-right-width: 2px !important;border-bottom-width: 2px !important;border-left-width: 2px !important;padding-top: 3% !important;padding-right: 3% !important;padding-bottom: 3% !important;padding-left: 3% !important;background-color: #f7f7f7 !important;border-left-color: #e5017d !important;border-left-style: solid !important;border-right-color: #e5017d !important;border-right-style: solid !important;border-top-color: #e5017d !important;border-top-style: solid !important;border-bottom-color: #e5017d !important;border-bottom-style: solid !important;border-radius: 2px !important;}&#8220;]<\/p>\n<p style=\"color: #e5017d; text-align: justify; font-size: 18px;\"><strong>Vertrauen Sie den Erfolg Ihrer Sprachreise International-sur-Loire an, investissieren Sie in Ihre Zukunft!<\/strong><\/p>\n<p style=\"color: #e5017d; text-align: justify; font-size: 18px;\"><strong>Unsere St\u00e4rke: Partnerschulen, die 100% der \u00ab Charte International-sur-Loire \u00bb angepasst sind: Qualit\u00e4t und Wohlwollen, der Schl\u00fcssel zu Ihrem Erfolg !<\/strong><\/p>\n<p>[\/vc_column_text][vc_single_image image=&#8220;610&#8243; img_size=&#8220;full&#8220; alignment=&#8220;center&#8220; onclick=&#8220;link_image&#8220; css_animation=&#8220;fadeInRight&#8220;][\/vc_column_inner][\/vc_row_inner][\/vc_column][\/vc_row]<\/p>\n","protected":false},"excerpt":{"rendered":"<p>[vc_row gap=&#8220;20&#8243; css=&#8220;.vc_custom_1503911071273{margin-bottom: 0px !important;}&#8220;][vc_column css=&#8220;.vc_custom_1503911115111{margin-bottom: 0px !important;}&#8220;][vc_row_inner][vc_column_inner][vc_column_text css=&#8220;.vc_custom_1505904304802{margin-bottom: 0% !important;}&#8220;] #UNSERE VERPFLICHTUNGEN &#8230;Rat &#8211; Hilfe &#8211; Orientierung [\/vc_column_text][\/vc_column_inner][\/vc_row_inner][vc_row_inner][vc_column_inner width=&#8220;1\/3&#8243;][vc_column_text css_animation=&#8220;bottom-to-top&#8220;][\/vc_column_text][\/vc_column_inner][vc_column_inner width=&#8220;1\/3&#8243;][vc_column_text css_animation=&#8220;bottom-to-top&#8220;][\/vc_column_text][\/vc_column_inner][vc_column_inner width=&#8220;1\/3&#8243;][vc_column_text css_animation=&#8220;bottom-to-top&#8220;][\/vc_column_text][\/vc_column_inner][\/vc_row_inner][\/vc_column][\/vc_row][vc_row css=&#8220;.vc_custom_1503911420727{margin-top: 4% !important;}&#8220;][vc_column][vc_row_inner][vc_column_inner width=&#8220;1\/2&#8243;][vc_column_text css_animation=&#8220;fadeInLeft&#8220; css=&#8220;.vc_custom_1505934187966{padding-right: 2% !important;padding-left: 2% !important;}&#8220;] Sie sind auf der Suche nach einem Sprachaufenthalt? International-sur-Loire hat die optimale L\u00f6sung f\u00fcr Ihre individuellen Bed\u00fcrfnisse und begleitet Ihr&hellip;<\/p>\n","protected":false},"author":1,"featured_media":0,"parent":0,"menu_order":0,"comment_status":"closed","ping_status":"closed","template":"","meta":{"footnotes":""},"class_list":["post-691","page","type-page","status-publish","hentry","description-off"],"yoast_head":"<!-- This site is optimized with the Yoast SEO plugin v26.4 - https:\/\/yoast.com\/wordpress\/plugins\/seo\/ -->\n<title>STUDY ABROAD - International-sur-Loire<\/title>\n<meta name=\"robots\" content=\"index, follow, max-snippet:-1, max-image-preview:large, max-video-preview:-1\" \/>\n<link rel=\"canonical\" href=\"https:\/\/www.international-sur-loire.com\/de\/study-abroad\/\" \/>\n<meta property=\"og:locale\" content=\"de_DE\" \/>\n<meta property=\"og:type\" content=\"article\" \/>\n<meta property=\"og:title\" content=\"STUDY ABROAD - International-sur-Loire\" \/>\n<meta property=\"og:description\" content=\"[vc_row gap=&#8220;20&#8243; css=&#8220;.vc_custom_1503911071273{margin-bottom: 0px !important;}&#8220;][vc_column css=&#8220;.vc_custom_1503911115111{margin-bottom: 0px !important;}&#8220;][vc_row_inner][vc_column_inner][vc_column_text css=&#8220;.vc_custom_1505904304802{margin-bottom: 0% !important;}&#8220;] #UNSERE VERPFLICHTUNGEN &#8230;Rat &#8211; Hilfe &#8211; Orientierung [\/vc_column_text][\/vc_column_inner][\/vc_row_inner][vc_row_inner][vc_column_inner width=&#8220;1\/3&#8243;][vc_column_text css_animation=&#8220;bottom-to-top&#8220;][\/vc_column_text][\/vc_column_inner][vc_column_inner width=&#8220;1\/3&#8243;][vc_column_text css_animation=&#8220;bottom-to-top&#8220;][\/vc_column_text][\/vc_column_inner][vc_column_inner width=&#8220;1\/3&#8243;][vc_column_text css_animation=&#8220;bottom-to-top&#8220;][\/vc_column_text][\/vc_column_inner][\/vc_row_inner][\/vc_column][\/vc_row][vc_row css=&#8220;.vc_custom_1503911420727{margin-top: 4% !important;}&#8220;][vc_column][vc_row_inner][vc_column_inner width=&#8220;1\/2&#8243;][vc_column_text css_animation=&#8220;fadeInLeft&#8220; css=&#8220;.vc_custom_1505934187966{padding-right: 2% !important;padding-left: 2% !important;}&#8220;] Sie sind auf der Suche nach einem Sprachaufenthalt? International-sur-Loire hat die optimale L\u00f6sung f\u00fcr Ihre individuellen Bed\u00fcrfnisse und begleitet Ihr&hellip;\" \/>\n<meta property=\"og:url\" content=\"https:\/\/www.international-sur-loire.com\/de\/study-abroad\/\" \/>\n<meta property=\"og:site_name\" content=\"International-sur-Loire\" \/>\n<meta property=\"article:modified_time\" content=\"2017-09-20T19:19:54+00:00\" \/>\n<meta property=\"og:image\" content=\"http:\/\/www.international-sur-loire.com\/wp-content\/uploads\/2017\/08\/sejour-linguistique-2017.jpg\" \/>\n<meta name=\"twitter:card\" content=\"summary_large_image\" \/>\n<meta name=\"twitter:label1\" content=\"Gesch\u00e4tzte Lesezeit\" \/>\n\t<meta name=\"twitter:data1\" content=\"3\u00a0Minuten\" \/>\n<script type=\"application\/ld+json\" class=\"yoast-schema-graph\">{\"@context\":\"https:\/\/schema.org\",\"@graph\":[{\"@type\":\"WebPage\",\"@id\":\"https:\/\/www.international-sur-loire.com\/de\/study-abroad\/\",\"url\":\"https:\/\/www.international-sur-loire.com\/de\/study-abroad\/\",\"name\":\"STUDY ABROAD - International-sur-Loire\",\"isPartOf\":{\"@id\":\"https:\/\/www.international-sur-loire.com\/#website\"},\"primaryImageOfPage\":{\"@id\":\"https:\/\/www.international-sur-loire.com\/de\/study-abroad\/#primaryimage\"},\"image\":{\"@id\":\"https:\/\/www.international-sur-loire.com\/de\/study-abroad\/#primaryimage\"},\"thumbnailUrl\":\"http:\/\/www.international-sur-loire.com\/wp-content\/uploads\/2017\/08\/sejour-linguistique-2017.jpg\",\"datePublished\":\"2017-09-20T10:43:41+00:00\",\"dateModified\":\"2017-09-20T19:19:54+00:00\",\"breadcrumb\":{\"@id\":\"https:\/\/www.international-sur-loire.com\/de\/study-abroad\/#breadcrumb\"},\"inLanguage\":\"de\",\"potentialAction\":[{\"@type\":\"ReadAction\",\"target\":[\"https:\/\/www.international-sur-loire.com\/de\/study-abroad\/\"]}]},{\"@type\":\"ImageObject\",\"inLanguage\":\"de\",\"@id\":\"https:\/\/www.international-sur-loire.com\/de\/study-abroad\/#primaryimage\",\"url\":\"http:\/\/www.international-sur-loire.com\/wp-content\/uploads\/2017\/08\/sejour-linguistique-2017.jpg\",\"contentUrl\":\"http:\/\/www.international-sur-loire.com\/wp-content\/uploads\/2017\/08\/sejour-linguistique-2017.jpg\"},{\"@type\":\"BreadcrumbList\",\"@id\":\"https:\/\/www.international-sur-loire.com\/de\/study-abroad\/#breadcrumb\",\"itemListElement\":[{\"@type\":\"ListItem\",\"position\":1,\"name\":\"Accueil\",\"item\":\"https:\/\/www.international-sur-loire.com\/de\/\"},{\"@type\":\"ListItem\",\"position\":2,\"name\":\"STUDY ABROAD\"}]},{\"@type\":\"WebSite\",\"@id\":\"https:\/\/www.international-sur-loire.com\/#website\",\"url\":\"https:\/\/www.international-sur-loire.com\/\",\"name\":\"International-sur-Loire\",\"description\":\"CONSULTING INTERNATIONAL &amp; CULTUREL\",\"potentialAction\":[{\"@type\":\"SearchAction\",\"target\":{\"@type\":\"EntryPoint\",\"urlTemplate\":\"https:\/\/www.international-sur-loire.com\/?s={search_term_string}\"},\"query-input\":{\"@type\":\"PropertyValueSpecification\",\"valueRequired\":true,\"valueName\":\"search_term_string\"}}],\"inLanguage\":\"de\"}]}<\/script>\n<!-- \/ Yoast SEO plugin. -->","yoast_head_json":{"title":"STUDY ABROAD - International-sur-Loire","robots":{"index":"index","follow":"follow","max-snippet":"max-snippet:-1","max-image-preview":"max-image-preview:large","max-video-preview":"max-video-preview:-1"},"canonical":"https:\/\/www.international-sur-loire.com\/de\/study-abroad\/","og_locale":"de_DE","og_type":"article","og_title":"STUDY ABROAD - International-sur-Loire","og_description":"[vc_row gap=&#8220;20&#8243; css=&#8220;.vc_custom_1503911071273{margin-bottom: 0px !important;}&#8220;][vc_column css=&#8220;.vc_custom_1503911115111{margin-bottom: 0px !important;}&#8220;][vc_row_inner][vc_column_inner][vc_column_text css=&#8220;.vc_custom_1505904304802{margin-bottom: 0% !important;}&#8220;] #UNSERE VERPFLICHTUNGEN &#8230;Rat &#8211; Hilfe &#8211; Orientierung [\/vc_column_text][\/vc_column_inner][\/vc_row_inner][vc_row_inner][vc_column_inner width=&#8220;1\/3&#8243;][vc_column_text css_animation=&#8220;bottom-to-top&#8220;][\/vc_column_text][\/vc_column_inner][vc_column_inner width=&#8220;1\/3&#8243;][vc_column_text css_animation=&#8220;bottom-to-top&#8220;][\/vc_column_text][\/vc_column_inner][vc_column_inner width=&#8220;1\/3&#8243;][vc_column_text css_animation=&#8220;bottom-to-top&#8220;][\/vc_column_text][\/vc_column_inner][\/vc_row_inner][\/vc_column][\/vc_row][vc_row css=&#8220;.vc_custom_1503911420727{margin-top: 4% !important;}&#8220;][vc_column][vc_row_inner][vc_column_inner width=&#8220;1\/2&#8243;][vc_column_text css_animation=&#8220;fadeInLeft&#8220; css=&#8220;.vc_custom_1505934187966{padding-right: 2% !important;padding-left: 2% !important;}&#8220;] Sie sind auf der Suche nach einem Sprachaufenthalt? International-sur-Loire hat die optimale L\u00f6sung f\u00fcr Ihre individuellen Bed\u00fcrfnisse und begleitet Ihr&hellip;","og_url":"https:\/\/www.international-sur-loire.com\/de\/study-abroad\/","og_site_name":"International-sur-Loire","article_modified_time":"2017-09-20T19:19:54+00:00","og_image":[{"url":"http:\/\/www.international-sur-loire.com\/wp-content\/uploads\/2017\/08\/sejour-linguistique-2017.jpg","type":"","width":"","height":""}],"twitter_card":"summary_large_image","twitter_misc":{"Gesch\u00e4tzte Lesezeit":"3\u00a0Minuten"},"schema":{"@context":"https:\/\/schema.org","@graph":[{"@type":"WebPage","@id":"https:\/\/www.international-sur-loire.com\/de\/study-abroad\/","url":"https:\/\/www.international-sur-loire.com\/de\/study-abroad\/","name":"STUDY ABROAD - International-sur-Loire","isPartOf":{"@id":"https:\/\/www.international-sur-loire.com\/#website"},"primaryImageOfPage":{"@id":"https:\/\/www.international-sur-loire.com\/de\/study-abroad\/#primaryimage"},"image":{"@id":"https:\/\/www.international-sur-loire.com\/de\/study-abroad\/#primaryimage"},"thumbnailUrl":"http:\/\/www.international-sur-loire.com\/wp-content\/uploads\/2017\/08\/sejour-linguistique-2017.jpg","datePublished":"2017-09-20T10:43:41+00:00","dateModified":"2017-09-20T19:19:54+00:00","breadcrumb":{"@id":"https:\/\/www.international-sur-loire.com\/de\/study-abroad\/#breadcrumb"},"inLanguage":"de","potentialAction":[{"@type":"ReadAction","target":["https:\/\/www.international-sur-loire.com\/de\/study-abroad\/"]}]},{"@type":"ImageObject","inLanguage":"de","@id":"https:\/\/www.international-sur-loire.com\/de\/study-abroad\/#primaryimage","url":"http:\/\/www.international-sur-loire.com\/wp-content\/uploads\/2017\/08\/sejour-linguistique-2017.jpg","contentUrl":"http:\/\/www.international-sur-loire.com\/wp-content\/uploads\/2017\/08\/sejour-linguistique-2017.jpg"},{"@type":"BreadcrumbList","@id":"https:\/\/www.international-sur-loire.com\/de\/study-abroad\/#breadcrumb","itemListElement":[{"@type":"ListItem","position":1,"name":"Accueil","item":"https:\/\/www.international-sur-loire.com\/de\/"},{"@type":"ListItem","position":2,"name":"STUDY ABROAD"}]},{"@type":"WebSite","@id":"https:\/\/www.international-sur-loire.com\/#website","url":"https:\/\/www.international-sur-loire.com\/","name":"International-sur-Loire","description":"CONSULTING INTERNATIONAL &amp; CULTUREL","potentialAction":[{"@type":"SearchAction","target":{"@type":"EntryPoint","urlTemplate":"https:\/\/www.international-sur-loire.com\/?s={search_term_string}"},"query-input":{"@type":"PropertyValueSpecification","valueRequired":true,"valueName":"search_term_string"}}],"inLanguage":"de"}]}},"_links":{"self":[{"href":"https:\/\/www.international-sur-loire.com\/de\/wp-json\/wp\/v2\/pages\/691","targetHints":{"allow":["GET"]}}],"collection":[{"href":"https:\/\/www.international-sur-loire.com\/de\/wp-json\/wp\/v2\/pages"}],"about":[{"href":"https:\/\/www.international-sur-loire.com\/de\/wp-json\/wp\/v2\/types\/page"}],"author":[{"embeddable":true,"href":"https:\/\/www.international-sur-loire.com\/de\/wp-json\/wp\/v2\/users\/1"}],"replies":[{"embeddable":true,"href":"https:\/\/www.international-sur-loire.com\/de\/wp-json\/wp\/v2\/comments?post=691"}],"version-history":[{"count":5,"href":"https:\/\/www.international-sur-loire.com\/de\/wp-json\/wp\/v2\/pages\/691\/revisions"}],"predecessor-version":[{"id":754,"href":"https:\/\/www.international-sur-loire.com\/de\/wp-json\/wp\/v2\/pages\/691\/revisions\/754"}],"wp:attachment":[{"href":"https:\/\/www.international-sur-loire.com\/de\/wp-json\/wp\/v2\/media?parent=691"}],"curies":[{"name":"wp","href":"https:\/\/api.w.org\/{rel}","templated":true}]}}