{"id":666,"date":"2017-09-20T09:53:55","date_gmt":"2017-09-20T07:53:55","guid":{"rendered":"http:\/\/www.international-sur-loire.com\/andere-sprachen-lernen-im-ausland\/"},"modified":"2017-10-05T10:50:49","modified_gmt":"2017-10-05T08:50:49","slug":"andere-sprachen-lernen-im-ausland","status":"publish","type":"page","link":"https:\/\/www.international-sur-loire.com\/de\/study-abroad\/andere-sprachen-lernen-im-ausland\/","title":{"rendered":"ANDERE SPRACHEN LERNEN IM AUSLAND"},"content":{"rendered":"<p>[vc_row][vc_column][vc_row_inner][vc_column_inner width=&#8220;1\/2&#8243;][vc_single_image image=&#8220;572&#8243; img_size=&#8220;full&#8220; alignment=&#8220;center&#8220; css_animation=&#8220;fadeInLeft&#8220;][vc_column_text css_animation=&#8220;fadeInLeft&#8220; css=&#8220;.vc_custom_1504530438518{border-top-width: 2px !important;border-right-width: 2px !important;border-bottom-width: 2px !important;border-left-width: 2px !important;padding-top: 3% !important;padding-right: 3% !important;padding-bottom: 2% !important;padding-left: 3% !important;border-left-color: #e5017d !important;border-left-style: solid !important;border-right-color: #e5017d !important;border-right-style: solid !important;border-top-color: #e5017d !important;border-top-style: solid !important;border-bottom-color: #e5017d !important;border-bottom-style: solid !important;border-radius: 2px !important;}&#8220;]<\/p>\n<div style=\"color: #e5017d;\">\n<ul>\n<li><strong>Englisch: USA, Kanada, Grossbritannien, Irland<\/strong><\/li>\n<li><strong>Deutsch: Deutschland<\/strong><\/li>\n<li><strong>Spanisch: Spanien, Kolumbien<\/strong><\/li>\n<li><strong>Italienisch: Italien<\/strong><\/li>\n<li><strong>Schwedisch: Schweden<\/strong><\/li>\n<li><strong>Russisch: Russland<\/strong><\/li>\n<li><strong>Japanisch: Japan<\/strong><\/li>\n<li><strong>Andere Sprachen: auf Anfrage<\/strong><\/li>\n<\/ul>\n<\/div>\n<p>[\/vc_column_text][\/vc_column_inner][vc_column_inner width=&#8220;1\/2&#8243;][vc_column_text css_animation=&#8220;fadeInRight&#8220;]<\/p>\n<ul>\n<li>Wir arbeiten nur mit nach strengsten Regeln ausgew\u00e4hlten Schulen. Sie wurden uns entweder von Vertrauenspersonen empfohlen, wir kennen die Schulleitung oder wir haben die Schulen pers\u00f6nlich besucht.<\/li>\n<li>Uns geht es mehr um Qualit\u00e4t als um Quantit\u00e4t: unsere Partnerschulen entsprechen unserer Satzung von Qualit\u00e4t &amp; Wohlwollen<\/li>\n<li>Unter unseren Partnerschulen finden Sie grosse, renommierte Schulen, aber auch kleinere Strukturen in authentischen Gegenden, die die wirkliche Seele des Landes ausstrahlen und die vollkommenste Immersion bieten.<\/li>\n<li>Wir k\u00fcmmern uns um alles: Beratung, Anmeldung zum Kurs, Reservierung Ihrer Unterkunft, Aktivit\u00e4tenprogramm,\u2026<\/li>\n<li>Wir sind jederzeit f\u00fcr Sie erreichbar vor, w\u00e4hrend und nach Ihrem Sprachaufenthalt.<\/li>\n<li>Allgemeinfranz\u00f6sisch<\/li>\n<li>Spezialfranz\u00f6sisch (Jura, Business, \u2026)<\/li>\n<li>Pr\u00fcfungsvorbereitung DELF und DALF<\/li>\n<li>Didaktikkurse f\u00fcr Franz\u00f6sischlehrer<\/li>\n<li>\u2026<\/li>\n<\/ul>\n<p>[\/vc_column_text][\/vc_column_inner][\/vc_row_inner][\/vc_column][\/vc_row]<\/p>\n","protected":false},"excerpt":{"rendered":"<p>[vc_row][vc_column][vc_row_inner][vc_column_inner width=&#8220;1\/2&#8243;][vc_single_image image=&#8220;572&#8243; img_size=&#8220;full&#8220; alignment=&#8220;center&#8220; css_animation=&#8220;fadeInLeft&#8220;][vc_column_text css_animation=&#8220;fadeInLeft&#8220; css=&#8220;.vc_custom_1504530438518{border-top-width: 2px !important;border-right-width: 2px !important;border-bottom-width: 2px !important;border-left-width: 2px !important;padding-top: 3% !important;padding-right: 3% !important;padding-bottom: 2% !important;padding-left: 3% !important;border-left-color: #e5017d !important;border-left-style: solid !important;border-right-color: #e5017d !important;border-right-style: solid !important;border-top-color: #e5017d !important;border-top-style: solid !important;border-bottom-color: #e5017d !important;border-bottom-style: solid !important;border-radius: 2px !important;}&#8220;] Englisch: USA, Kanada, Grossbritannien, Irland Deutsch: Deutschland Spanisch: Spanien, Kolumbien Italienisch: Italien Schwedisch:&hellip;<\/p>\n","protected":false},"author":1,"featured_media":0,"parent":691,"menu_order":0,"comment_status":"closed","ping_status":"closed","template":"","meta":{"footnotes":""},"class_list":["post-666","page","type-page","status-publish","hentry","description-off"],"yoast_head":"<!-- This site is optimized with the Yoast SEO plugin v26.4 - https:\/\/yoast.com\/wordpress\/plugins\/seo\/ -->\n<title>ANDERE SPRACHEN LERNEN IM AUSLAND - International-sur-Loire<\/title>\n<meta name=\"robots\" content=\"index, follow, max-snippet:-1, max-image-preview:large, max-video-preview:-1\" \/>\n<link rel=\"canonical\" href=\"https:\/\/www.international-sur-loire.com\/de\/study-abroad\/andere-sprachen-lernen-im-ausland\/\" \/>\n<meta property=\"og:locale\" content=\"de_DE\" \/>\n<meta property=\"og:type\" content=\"article\" \/>\n<meta property=\"og:title\" content=\"ANDERE SPRACHEN LERNEN IM AUSLAND - International-sur-Loire\" \/>\n<meta property=\"og:description\" content=\"[vc_row][vc_column][vc_row_inner][vc_column_inner width=&#8220;1\/2&#8243;][vc_single_image image=&#8220;572&#8243; img_size=&#8220;full&#8220; alignment=&#8220;center&#8220; css_animation=&#8220;fadeInLeft&#8220;][vc_column_text css_animation=&#8220;fadeInLeft&#8220; css=&#8220;.vc_custom_1504530438518{border-top-width: 2px !important;border-right-width: 2px !important;border-bottom-width: 2px !important;border-left-width: 2px !important;padding-top: 3% !important;padding-right: 3% !important;padding-bottom: 2% !important;padding-left: 3% !important;border-left-color: #e5017d !important;border-left-style: solid !important;border-right-color: #e5017d !important;border-right-style: solid !important;border-top-color: #e5017d !important;border-top-style: solid !important;border-bottom-color: #e5017d !important;border-bottom-style: solid !important;border-radius: 2px !important;}&#8220;] Englisch: USA, Kanada, Grossbritannien, Irland Deutsch: Deutschland Spanisch: Spanien, Kolumbien Italienisch: Italien Schwedisch:&hellip;\" \/>\n<meta property=\"og:url\" content=\"https:\/\/www.international-sur-loire.com\/de\/study-abroad\/andere-sprachen-lernen-im-ausland\/\" \/>\n<meta property=\"og:site_name\" content=\"International-sur-Loire\" \/>\n<meta property=\"article:modified_time\" content=\"2017-10-05T08:50:49+00:00\" \/>\n<meta name=\"twitter:card\" content=\"summary_large_image\" \/>\n<meta name=\"twitter:label1\" content=\"Gesch\u00e4tzte Lesezeit\" \/>\n\t<meta name=\"twitter:data1\" content=\"1\u00a0Minute\" \/>\n<script type=\"application\/ld+json\" class=\"yoast-schema-graph\">{\"@context\":\"https:\/\/schema.org\",\"@graph\":[{\"@type\":\"WebPage\",\"@id\":\"https:\/\/www.international-sur-loire.com\/de\/study-abroad\/andere-sprachen-lernen-im-ausland\/\",\"url\":\"https:\/\/www.international-sur-loire.com\/de\/study-abroad\/andere-sprachen-lernen-im-ausland\/\",\"name\":\"ANDERE SPRACHEN LERNEN IM AUSLAND - International-sur-Loire\",\"isPartOf\":{\"@id\":\"https:\/\/www.international-sur-loire.com\/#website\"},\"datePublished\":\"2017-09-20T07:53:55+00:00\",\"dateModified\":\"2017-10-05T08:50:49+00:00\",\"breadcrumb\":{\"@id\":\"https:\/\/www.international-sur-loire.com\/de\/study-abroad\/andere-sprachen-lernen-im-ausland\/#breadcrumb\"},\"inLanguage\":\"de\",\"potentialAction\":[{\"@type\":\"ReadAction\",\"target\":[\"https:\/\/www.international-sur-loire.com\/de\/study-abroad\/andere-sprachen-lernen-im-ausland\/\"]}]},{\"@type\":\"BreadcrumbList\",\"@id\":\"https:\/\/www.international-sur-loire.com\/de\/study-abroad\/andere-sprachen-lernen-im-ausland\/#breadcrumb\",\"itemListElement\":[{\"@type\":\"ListItem\",\"position\":1,\"name\":\"Accueil\",\"item\":\"https:\/\/www.international-sur-loire.com\/de\/\"},{\"@type\":\"ListItem\",\"position\":2,\"name\":\"STUDY ABROAD\",\"item\":\"https:\/\/www.international-sur-loire.com\/de\/study-abroad\/\"},{\"@type\":\"ListItem\",\"position\":3,\"name\":\"ANDERE SPRACHEN LERNEN IM AUSLAND\"}]},{\"@type\":\"WebSite\",\"@id\":\"https:\/\/www.international-sur-loire.com\/#website\",\"url\":\"https:\/\/www.international-sur-loire.com\/\",\"name\":\"International-sur-Loire\",\"description\":\"CONSULTING INTERNATIONAL &amp; CULTUREL\",\"potentialAction\":[{\"@type\":\"SearchAction\",\"target\":{\"@type\":\"EntryPoint\",\"urlTemplate\":\"https:\/\/www.international-sur-loire.com\/?s={search_term_string}\"},\"query-input\":{\"@type\":\"PropertyValueSpecification\",\"valueRequired\":true,\"valueName\":\"search_term_string\"}}],\"inLanguage\":\"de\"}]}<\/script>\n<!-- \/ Yoast SEO plugin. -->","yoast_head_json":{"title":"ANDERE SPRACHEN LERNEN IM AUSLAND - International-sur-Loire","robots":{"index":"index","follow":"follow","max-snippet":"max-snippet:-1","max-image-preview":"max-image-preview:large","max-video-preview":"max-video-preview:-1"},"canonical":"https:\/\/www.international-sur-loire.com\/de\/study-abroad\/andere-sprachen-lernen-im-ausland\/","og_locale":"de_DE","og_type":"article","og_title":"ANDERE SPRACHEN LERNEN IM AUSLAND - International-sur-Loire","og_description":"[vc_row][vc_column][vc_row_inner][vc_column_inner width=&#8220;1\/2&#8243;][vc_single_image image=&#8220;572&#8243; img_size=&#8220;full&#8220; alignment=&#8220;center&#8220; css_animation=&#8220;fadeInLeft&#8220;][vc_column_text css_animation=&#8220;fadeInLeft&#8220; css=&#8220;.vc_custom_1504530438518{border-top-width: 2px !important;border-right-width: 2px !important;border-bottom-width: 2px !important;border-left-width: 2px !important;padding-top: 3% !important;padding-right: 3% !important;padding-bottom: 2% !important;padding-left: 3% !important;border-left-color: #e5017d !important;border-left-style: solid !important;border-right-color: #e5017d !important;border-right-style: solid !important;border-top-color: #e5017d !important;border-top-style: solid !important;border-bottom-color: #e5017d !important;border-bottom-style: solid !important;border-radius: 2px !important;}&#8220;] Englisch: USA, Kanada, Grossbritannien, Irland Deutsch: Deutschland Spanisch: Spanien, Kolumbien Italienisch: Italien Schwedisch:&hellip;","og_url":"https:\/\/www.international-sur-loire.com\/de\/study-abroad\/andere-sprachen-lernen-im-ausland\/","og_site_name":"International-sur-Loire","article_modified_time":"2017-10-05T08:50:49+00:00","twitter_card":"summary_large_image","twitter_misc":{"Gesch\u00e4tzte Lesezeit":"1\u00a0Minute"},"schema":{"@context":"https:\/\/schema.org","@graph":[{"@type":"WebPage","@id":"https:\/\/www.international-sur-loire.com\/de\/study-abroad\/andere-sprachen-lernen-im-ausland\/","url":"https:\/\/www.international-sur-loire.com\/de\/study-abroad\/andere-sprachen-lernen-im-ausland\/","name":"ANDERE SPRACHEN LERNEN IM AUSLAND - International-sur-Loire","isPartOf":{"@id":"https:\/\/www.international-sur-loire.com\/#website"},"datePublished":"2017-09-20T07:53:55+00:00","dateModified":"2017-10-05T08:50:49+00:00","breadcrumb":{"@id":"https:\/\/www.international-sur-loire.com\/de\/study-abroad\/andere-sprachen-lernen-im-ausland\/#breadcrumb"},"inLanguage":"de","potentialAction":[{"@type":"ReadAction","target":["https:\/\/www.international-sur-loire.com\/de\/study-abroad\/andere-sprachen-lernen-im-ausland\/"]}]},{"@type":"BreadcrumbList","@id":"https:\/\/www.international-sur-loire.com\/de\/study-abroad\/andere-sprachen-lernen-im-ausland\/#breadcrumb","itemListElement":[{"@type":"ListItem","position":1,"name":"Accueil","item":"https:\/\/www.international-sur-loire.com\/de\/"},{"@type":"ListItem","position":2,"name":"STUDY ABROAD","item":"https:\/\/www.international-sur-loire.com\/de\/study-abroad\/"},{"@type":"ListItem","position":3,"name":"ANDERE SPRACHEN LERNEN IM AUSLAND"}]},{"@type":"WebSite","@id":"https:\/\/www.international-sur-loire.com\/#website","url":"https:\/\/www.international-sur-loire.com\/","name":"International-sur-Loire","description":"CONSULTING INTERNATIONAL &amp; CULTUREL","potentialAction":[{"@type":"SearchAction","target":{"@type":"EntryPoint","urlTemplate":"https:\/\/www.international-sur-loire.com\/?s={search_term_string}"},"query-input":{"@type":"PropertyValueSpecification","valueRequired":true,"valueName":"search_term_string"}}],"inLanguage":"de"}]}},"_links":{"self":[{"href":"https:\/\/www.international-sur-loire.com\/de\/wp-json\/wp\/v2\/pages\/666","targetHints":{"allow":["GET"]}}],"collection":[{"href":"https:\/\/www.international-sur-loire.com\/de\/wp-json\/wp\/v2\/pages"}],"about":[{"href":"https:\/\/www.international-sur-loire.com\/de\/wp-json\/wp\/v2\/types\/page"}],"author":[{"embeddable":true,"href":"https:\/\/www.international-sur-loire.com\/de\/wp-json\/wp\/v2\/users\/1"}],"replies":[{"embeddable":true,"href":"https:\/\/www.international-sur-loire.com\/de\/wp-json\/wp\/v2\/comments?post=666"}],"version-history":[{"count":2,"href":"https:\/\/www.international-sur-loire.com\/de\/wp-json\/wp\/v2\/pages\/666\/revisions"}],"predecessor-version":[{"id":888,"href":"https:\/\/www.international-sur-loire.com\/de\/wp-json\/wp\/v2\/pages\/666\/revisions\/888"}],"up":[{"embeddable":true,"href":"https:\/\/www.international-sur-loire.com\/de\/wp-json\/wp\/v2\/pages\/691"}],"wp:attachment":[{"href":"https:\/\/www.international-sur-loire.com\/de\/wp-json\/wp\/v2\/media?parent=666"}],"curies":[{"name":"wp","href":"https:\/\/api.w.org\/{rel}","templated":true}]}}