{"id":664,"date":"2017-09-20T09:35:46","date_gmt":"2017-09-20T07:35:46","guid":{"rendered":"http:\/\/www.international-sur-loire.com\/firmen-stadtverwaltungen-und-kommunen\/akquisition-marktstudien\/"},"modified":"2017-09-20T10:40:22","modified_gmt":"2017-09-20T08:40:22","slug":"akquisition-marktstudien","status":"publish","type":"page","link":"https:\/\/www.international-sur-loire.com\/de\/firmen-stadtverwaltungen-und-kommunen\/akquisition-marktstudien\/","title":{"rendered":"AKQUISITION &#038; MARKTSTUDIEN"},"content":{"rendered":"<p>[vc_row][vc_column][vc_row_inner][vc_column_inner width=&#8220;1\/2&#8243;][vc_single_image image=&#8220;47&#8243; img_size=&#8220;full&#8220; alignment=&#8220;center&#8220; onclick=&#8220;link_image&#8220; css_animation=&#8220;fadeInLeft&#8220;][\/vc_column_inner][vc_column_inner width=&#8220;1\/2&#8243;][vc_column_text css_animation=&#8220;fadeInRight&#8220; css=&#8220;.vc_custom_1503847117345{padding-right: 2% !important;padding-left: 2% !important;}&#8220;]<\/p>\n<ul>\n<li>Marktanalysen und Unterst\u00fctzung bei der Erschliessung neuer M\u00e4rkte<\/li>\n<li>Konferenzen zum Thema Interkulturalit\u00e4t<\/li>\n<li>\u00ab L\u00e4nder \u00bb-Schulungen (kulturelle Aspekte und professionnelle Praktiken im Ausland: z.B.wie arbeitet man in Frankreich?)<\/li>\n<li>Kontaktherstellung zu Ihren zuk\u00fcnftigen potenziellen Kunden und Partnern<\/li>\n<\/ul>\n<p>[\/vc_column_text][\/vc_column_inner][\/vc_row_inner][\/vc_column][\/vc_row]<\/p>\n","protected":false},"excerpt":{"rendered":"<p>[vc_row][vc_column][vc_row_inner][vc_column_inner width=&#8220;1\/2&#8243;][vc_single_image image=&#8220;47&#8243; img_size=&#8220;full&#8220; alignment=&#8220;center&#8220; onclick=&#8220;link_image&#8220; css_animation=&#8220;fadeInLeft&#8220;][\/vc_column_inner][vc_column_inner width=&#8220;1\/2&#8243;][vc_column_text css_animation=&#8220;fadeInRight&#8220; css=&#8220;.vc_custom_1503847117345{padding-right: 2% !important;padding-left: 2% !important;}&#8220;] Marktanalysen und Unterst\u00fctzung bei der Erschliessung neuer M\u00e4rkte Konferenzen zum Thema Interkulturalit\u00e4t \u00ab L\u00e4nder \u00bb-Schulungen (kulturelle Aspekte und professionnelle Praktiken im Ausland: z.B.wie arbeitet man in Frankreich?) Kontaktherstellung zu Ihren zuk\u00fcnftigen potenziellen Kunden und Partnern [\/vc_column_text][\/vc_column_inner][\/vc_row_inner][\/vc_column][\/vc_row]<\/p>\n","protected":false},"author":1,"featured_media":0,"parent":658,"menu_order":0,"comment_status":"closed","ping_status":"closed","template":"","meta":{"footnotes":""},"class_list":["post-664","page","type-page","status-publish","hentry","description-off"],"yoast_head":"<!-- This site is optimized with the Yoast SEO plugin v26.4 - https:\/\/yoast.com\/wordpress\/plugins\/seo\/ -->\n<title>AKQUISITION &amp; MARKTSTUDIEN - International-sur-Loire<\/title>\n<meta name=\"robots\" content=\"index, follow, max-snippet:-1, max-image-preview:large, max-video-preview:-1\" \/>\n<link rel=\"canonical\" href=\"https:\/\/www.international-sur-loire.com\/de\/firmen-stadtverwaltungen-und-kommunen\/akquisition-marktstudien\/\" \/>\n<meta property=\"og:locale\" content=\"de_DE\" \/>\n<meta property=\"og:type\" content=\"article\" \/>\n<meta property=\"og:title\" content=\"AKQUISITION &amp; MARKTSTUDIEN - International-sur-Loire\" \/>\n<meta property=\"og:description\" content=\"[vc_row][vc_column][vc_row_inner][vc_column_inner width=&#8220;1\/2&#8243;][vc_single_image image=&#8220;47&#8243; img_size=&#8220;full&#8220; alignment=&#8220;center&#8220; onclick=&#8220;link_image&#8220; css_animation=&#8220;fadeInLeft&#8220;][\/vc_column_inner][vc_column_inner width=&#8220;1\/2&#8243;][vc_column_text css_animation=&#8220;fadeInRight&#8220; css=&#8220;.vc_custom_1503847117345{padding-right: 2% !important;padding-left: 2% !important;}&#8220;] Marktanalysen und Unterst\u00fctzung bei der Erschliessung neuer M\u00e4rkte Konferenzen zum Thema Interkulturalit\u00e4t \u00ab L\u00e4nder \u00bb-Schulungen (kulturelle Aspekte und professionnelle Praktiken im Ausland: z.B.wie arbeitet man in Frankreich?) Kontaktherstellung zu Ihren zuk\u00fcnftigen potenziellen Kunden und Partnern [\/vc_column_text][\/vc_column_inner][\/vc_row_inner][\/vc_column][\/vc_row]\" \/>\n<meta property=\"og:url\" content=\"https:\/\/www.international-sur-loire.com\/de\/firmen-stadtverwaltungen-und-kommunen\/akquisition-marktstudien\/\" \/>\n<meta property=\"og:site_name\" content=\"International-sur-Loire\" \/>\n<meta property=\"article:modified_time\" content=\"2017-09-20T08:40:22+00:00\" \/>\n<meta name=\"twitter:card\" content=\"summary_large_image\" \/>\n<meta name=\"twitter:label1\" content=\"Gesch\u00e4tzte Lesezeit\" \/>\n\t<meta name=\"twitter:data1\" content=\"1\u00a0Minute\" \/>\n<script type=\"application\/ld+json\" class=\"yoast-schema-graph\">{\"@context\":\"https:\/\/schema.org\",\"@graph\":[{\"@type\":\"WebPage\",\"@id\":\"https:\/\/www.international-sur-loire.com\/de\/firmen-stadtverwaltungen-und-kommunen\/akquisition-marktstudien\/\",\"url\":\"https:\/\/www.international-sur-loire.com\/de\/firmen-stadtverwaltungen-und-kommunen\/akquisition-marktstudien\/\",\"name\":\"AKQUISITION & MARKTSTUDIEN - International-sur-Loire\",\"isPartOf\":{\"@id\":\"https:\/\/www.international-sur-loire.com\/#website\"},\"datePublished\":\"2017-09-20T07:35:46+00:00\",\"dateModified\":\"2017-09-20T08:40:22+00:00\",\"breadcrumb\":{\"@id\":\"https:\/\/www.international-sur-loire.com\/de\/firmen-stadtverwaltungen-und-kommunen\/akquisition-marktstudien\/#breadcrumb\"},\"inLanguage\":\"de\",\"potentialAction\":[{\"@type\":\"ReadAction\",\"target\":[\"https:\/\/www.international-sur-loire.com\/de\/firmen-stadtverwaltungen-und-kommunen\/akquisition-marktstudien\/\"]}]},{\"@type\":\"BreadcrumbList\",\"@id\":\"https:\/\/www.international-sur-loire.com\/de\/firmen-stadtverwaltungen-und-kommunen\/akquisition-marktstudien\/#breadcrumb\",\"itemListElement\":[{\"@type\":\"ListItem\",\"position\":1,\"name\":\"Accueil\",\"item\":\"https:\/\/www.international-sur-loire.com\/de\/\"},{\"@type\":\"ListItem\",\"position\":2,\"name\":\"FIRMEN, STADTVERWALTUNGEN und KOMMUNEN\",\"item\":\"https:\/\/www.international-sur-loire.com\/de\/firmen-stadtverwaltungen-und-kommunen\/\"},{\"@type\":\"ListItem\",\"position\":3,\"name\":\"AKQUISITION &#038; MARKTSTUDIEN\"}]},{\"@type\":\"WebSite\",\"@id\":\"https:\/\/www.international-sur-loire.com\/#website\",\"url\":\"https:\/\/www.international-sur-loire.com\/\",\"name\":\"International-sur-Loire\",\"description\":\"CONSULTING INTERNATIONAL &amp; CULTUREL\",\"potentialAction\":[{\"@type\":\"SearchAction\",\"target\":{\"@type\":\"EntryPoint\",\"urlTemplate\":\"https:\/\/www.international-sur-loire.com\/?s={search_term_string}\"},\"query-input\":{\"@type\":\"PropertyValueSpecification\",\"valueRequired\":true,\"valueName\":\"search_term_string\"}}],\"inLanguage\":\"de\"}]}<\/script>\n<!-- \/ Yoast SEO plugin. -->","yoast_head_json":{"title":"AKQUISITION & MARKTSTUDIEN - International-sur-Loire","robots":{"index":"index","follow":"follow","max-snippet":"max-snippet:-1","max-image-preview":"max-image-preview:large","max-video-preview":"max-video-preview:-1"},"canonical":"https:\/\/www.international-sur-loire.com\/de\/firmen-stadtverwaltungen-und-kommunen\/akquisition-marktstudien\/","og_locale":"de_DE","og_type":"article","og_title":"AKQUISITION & MARKTSTUDIEN - International-sur-Loire","og_description":"[vc_row][vc_column][vc_row_inner][vc_column_inner width=&#8220;1\/2&#8243;][vc_single_image image=&#8220;47&#8243; img_size=&#8220;full&#8220; alignment=&#8220;center&#8220; onclick=&#8220;link_image&#8220; css_animation=&#8220;fadeInLeft&#8220;][\/vc_column_inner][vc_column_inner width=&#8220;1\/2&#8243;][vc_column_text css_animation=&#8220;fadeInRight&#8220; css=&#8220;.vc_custom_1503847117345{padding-right: 2% !important;padding-left: 2% !important;}&#8220;] Marktanalysen und Unterst\u00fctzung bei der Erschliessung neuer M\u00e4rkte Konferenzen zum Thema Interkulturalit\u00e4t \u00ab L\u00e4nder \u00bb-Schulungen (kulturelle Aspekte und professionnelle Praktiken im Ausland: z.B.wie arbeitet man in Frankreich?) Kontaktherstellung zu Ihren zuk\u00fcnftigen potenziellen Kunden und Partnern [\/vc_column_text][\/vc_column_inner][\/vc_row_inner][\/vc_column][\/vc_row]","og_url":"https:\/\/www.international-sur-loire.com\/de\/firmen-stadtverwaltungen-und-kommunen\/akquisition-marktstudien\/","og_site_name":"International-sur-Loire","article_modified_time":"2017-09-20T08:40:22+00:00","twitter_card":"summary_large_image","twitter_misc":{"Gesch\u00e4tzte Lesezeit":"1\u00a0Minute"},"schema":{"@context":"https:\/\/schema.org","@graph":[{"@type":"WebPage","@id":"https:\/\/www.international-sur-loire.com\/de\/firmen-stadtverwaltungen-und-kommunen\/akquisition-marktstudien\/","url":"https:\/\/www.international-sur-loire.com\/de\/firmen-stadtverwaltungen-und-kommunen\/akquisition-marktstudien\/","name":"AKQUISITION & MARKTSTUDIEN - International-sur-Loire","isPartOf":{"@id":"https:\/\/www.international-sur-loire.com\/#website"},"datePublished":"2017-09-20T07:35:46+00:00","dateModified":"2017-09-20T08:40:22+00:00","breadcrumb":{"@id":"https:\/\/www.international-sur-loire.com\/de\/firmen-stadtverwaltungen-und-kommunen\/akquisition-marktstudien\/#breadcrumb"},"inLanguage":"de","potentialAction":[{"@type":"ReadAction","target":["https:\/\/www.international-sur-loire.com\/de\/firmen-stadtverwaltungen-und-kommunen\/akquisition-marktstudien\/"]}]},{"@type":"BreadcrumbList","@id":"https:\/\/www.international-sur-loire.com\/de\/firmen-stadtverwaltungen-und-kommunen\/akquisition-marktstudien\/#breadcrumb","itemListElement":[{"@type":"ListItem","position":1,"name":"Accueil","item":"https:\/\/www.international-sur-loire.com\/de\/"},{"@type":"ListItem","position":2,"name":"FIRMEN, STADTVERWALTUNGEN und KOMMUNEN","item":"https:\/\/www.international-sur-loire.com\/de\/firmen-stadtverwaltungen-und-kommunen\/"},{"@type":"ListItem","position":3,"name":"AKQUISITION &#038; MARKTSTUDIEN"}]},{"@type":"WebSite","@id":"https:\/\/www.international-sur-loire.com\/#website","url":"https:\/\/www.international-sur-loire.com\/","name":"International-sur-Loire","description":"CONSULTING INTERNATIONAL &amp; CULTUREL","potentialAction":[{"@type":"SearchAction","target":{"@type":"EntryPoint","urlTemplate":"https:\/\/www.international-sur-loire.com\/?s={search_term_string}"},"query-input":{"@type":"PropertyValueSpecification","valueRequired":true,"valueName":"search_term_string"}}],"inLanguage":"de"}]}},"_links":{"self":[{"href":"https:\/\/www.international-sur-loire.com\/de\/wp-json\/wp\/v2\/pages\/664","targetHints":{"allow":["GET"]}}],"collection":[{"href":"https:\/\/www.international-sur-loire.com\/de\/wp-json\/wp\/v2\/pages"}],"about":[{"href":"https:\/\/www.international-sur-loire.com\/de\/wp-json\/wp\/v2\/types\/page"}],"author":[{"embeddable":true,"href":"https:\/\/www.international-sur-loire.com\/de\/wp-json\/wp\/v2\/users\/1"}],"replies":[{"embeddable":true,"href":"https:\/\/www.international-sur-loire.com\/de\/wp-json\/wp\/v2\/comments?post=664"}],"version-history":[{"count":1,"href":"https:\/\/www.international-sur-loire.com\/de\/wp-json\/wp\/v2\/pages\/664\/revisions"}],"predecessor-version":[{"id":678,"href":"https:\/\/www.international-sur-loire.com\/de\/wp-json\/wp\/v2\/pages\/664\/revisions\/678"}],"up":[{"embeddable":true,"href":"https:\/\/www.international-sur-loire.com\/de\/wp-json\/wp\/v2\/pages\/658"}],"wp:attachment":[{"href":"https:\/\/www.international-sur-loire.com\/de\/wp-json\/wp\/v2\/media?parent=664"}],"curies":[{"name":"wp","href":"https:\/\/api.w.org\/{rel}","templated":true}]}}