{"id":660,"date":"2017-09-20T09:30:07","date_gmt":"2017-09-20T07:30:07","guid":{"rendered":"http:\/\/www.international-sur-loire.com\/?page_id=660"},"modified":"2017-10-05T10:30:48","modified_gmt":"2017-10-05T08:30:48","slug":"uebersetzungen","status":"publish","type":"page","link":"https:\/\/www.international-sur-loire.com\/de\/firmen-stadtverwaltungen-und-kommunen\/uebersetzungen\/","title":{"rendered":"\u00dcBERSETZUNGEN"},"content":{"rendered":"<p>[vc_row][vc_column][vc_row_inner][vc_column_inner width=&#8220;1\/2&#8243;][vc_single_image image=&#8220;236&#8243; img_size=&#8220;full&#8220; alignment=&#8220;center&#8220; onclick=&#8220;link_image&#8220; css_animation=&#8220;fadeInLeft&#8220;][\/vc_column_inner][vc_column_inner width=&#8220;1\/2&#8243;][vc_column_text css_animation=&#8220;fadeInRight&#8220; css=&#8220;.vc_custom_1503091563877{padding-right: 2% !important;padding-left: 2% !important;}&#8220;]<\/p>\n<h3>Franz\u00f6sisch \u2022 Englisch \u2022 Deutsch<\/h3>\n<ul>\n<li>Abfassung von Texten direkt auf Franz\u00f6sisch, Deutsch oder Englisch, um Ihre Kommunikation\/Akquisition im Ausland in Schwung zu bringen<\/li>\n<li>\u00dcbersetzungen von Schreiben, offiziellen Dokumenten, Vertr\u00e4gen, Brosch\u00fcren, Flyer, Websites, Ver\u00f6ffentlichungen auf sozialen Netzwerken\u2026<\/li>\n<li>Simultan\u00fcbersetzungen (Kongresse, Seminare, Besuche, Veranstaltungen\u2026)<\/li>\n<\/ul>\n<p>[\/vc_column_text][\/vc_column_inner][\/vc_row_inner][\/vc_column][\/vc_row]<\/p>\n","protected":false},"excerpt":{"rendered":"<p>[vc_row][vc_column][vc_row_inner][vc_column_inner width=&#8220;1\/2&#8243;][vc_single_image image=&#8220;236&#8243; img_size=&#8220;full&#8220; alignment=&#8220;center&#8220; onclick=&#8220;link_image&#8220; css_animation=&#8220;fadeInLeft&#8220;][\/vc_column_inner][vc_column_inner width=&#8220;1\/2&#8243;][vc_column_text css_animation=&#8220;fadeInRight&#8220; css=&#8220;.vc_custom_1503091563877{padding-right: 2% !important;padding-left: 2% !important;}&#8220;] Franz\u00f6sisch \u2022 Englisch \u2022 Deutsch Abfassung von Texten direkt auf Franz\u00f6sisch, Deutsch oder Englisch, um Ihre Kommunikation\/Akquisition im Ausland in Schwung zu bringen \u00dcbersetzungen von Schreiben, offiziellen Dokumenten, Vertr\u00e4gen, Brosch\u00fcren, Flyer, Websites, Ver\u00f6ffentlichungen auf sozialen Netzwerken\u2026 Simultan\u00fcbersetzungen (Kongresse, Seminare, Besuche, Veranstaltungen\u2026)&hellip;<\/p>\n","protected":false},"author":1,"featured_media":0,"parent":658,"menu_order":0,"comment_status":"closed","ping_status":"closed","template":"","meta":{"footnotes":""},"class_list":["post-660","page","type-page","status-publish","hentry","description-off"],"yoast_head":"<!-- This site is optimized with the Yoast SEO plugin v26.4 - https:\/\/yoast.com\/wordpress\/plugins\/seo\/ -->\n<title>\u00dcBERSETZUNGEN - International-sur-Loire<\/title>\n<meta name=\"robots\" content=\"index, follow, max-snippet:-1, max-image-preview:large, max-video-preview:-1\" \/>\n<link rel=\"canonical\" href=\"https:\/\/www.international-sur-loire.com\/de\/firmen-stadtverwaltungen-und-kommunen\/uebersetzungen\/\" \/>\n<meta property=\"og:locale\" content=\"de_DE\" \/>\n<meta property=\"og:type\" content=\"article\" \/>\n<meta property=\"og:title\" content=\"\u00dcBERSETZUNGEN - International-sur-Loire\" \/>\n<meta property=\"og:description\" content=\"[vc_row][vc_column][vc_row_inner][vc_column_inner width=&#8220;1\/2&#8243;][vc_single_image image=&#8220;236&#8243; img_size=&#8220;full&#8220; alignment=&#8220;center&#8220; onclick=&#8220;link_image&#8220; css_animation=&#8220;fadeInLeft&#8220;][\/vc_column_inner][vc_column_inner width=&#8220;1\/2&#8243;][vc_column_text css_animation=&#8220;fadeInRight&#8220; css=&#8220;.vc_custom_1503091563877{padding-right: 2% !important;padding-left: 2% !important;}&#8220;] Franz\u00f6sisch \u2022 Englisch \u2022 Deutsch Abfassung von Texten direkt auf Franz\u00f6sisch, Deutsch oder Englisch, um Ihre Kommunikation\/Akquisition im Ausland in Schwung zu bringen \u00dcbersetzungen von Schreiben, offiziellen Dokumenten, Vertr\u00e4gen, Brosch\u00fcren, Flyer, Websites, Ver\u00f6ffentlichungen auf sozialen Netzwerken\u2026 Simultan\u00fcbersetzungen (Kongresse, Seminare, Besuche, Veranstaltungen\u2026)&hellip;\" \/>\n<meta property=\"og:url\" content=\"https:\/\/www.international-sur-loire.com\/de\/firmen-stadtverwaltungen-und-kommunen\/uebersetzungen\/\" \/>\n<meta property=\"og:site_name\" content=\"International-sur-Loire\" \/>\n<meta property=\"article:modified_time\" content=\"2017-10-05T08:30:48+00:00\" \/>\n<meta name=\"twitter:card\" content=\"summary_large_image\" \/>\n<meta name=\"twitter:label1\" content=\"Gesch\u00e4tzte Lesezeit\" \/>\n\t<meta name=\"twitter:data1\" content=\"1\u00a0Minute\" \/>\n<script type=\"application\/ld+json\" class=\"yoast-schema-graph\">{\"@context\":\"https:\/\/schema.org\",\"@graph\":[{\"@type\":\"WebPage\",\"@id\":\"https:\/\/www.international-sur-loire.com\/de\/firmen-stadtverwaltungen-und-kommunen\/uebersetzungen\/\",\"url\":\"https:\/\/www.international-sur-loire.com\/de\/firmen-stadtverwaltungen-und-kommunen\/uebersetzungen\/\",\"name\":\"\u00dcBERSETZUNGEN - International-sur-Loire\",\"isPartOf\":{\"@id\":\"https:\/\/www.international-sur-loire.com\/#website\"},\"datePublished\":\"2017-09-20T07:30:07+00:00\",\"dateModified\":\"2017-10-05T08:30:48+00:00\",\"breadcrumb\":{\"@id\":\"https:\/\/www.international-sur-loire.com\/de\/firmen-stadtverwaltungen-und-kommunen\/uebersetzungen\/#breadcrumb\"},\"inLanguage\":\"de\",\"potentialAction\":[{\"@type\":\"ReadAction\",\"target\":[\"https:\/\/www.international-sur-loire.com\/de\/firmen-stadtverwaltungen-und-kommunen\/uebersetzungen\/\"]}]},{\"@type\":\"BreadcrumbList\",\"@id\":\"https:\/\/www.international-sur-loire.com\/de\/firmen-stadtverwaltungen-und-kommunen\/uebersetzungen\/#breadcrumb\",\"itemListElement\":[{\"@type\":\"ListItem\",\"position\":1,\"name\":\"Accueil\",\"item\":\"https:\/\/www.international-sur-loire.com\/de\/\"},{\"@type\":\"ListItem\",\"position\":2,\"name\":\"FIRMEN, STADTVERWALTUNGEN und KOMMUNEN\",\"item\":\"https:\/\/www.international-sur-loire.com\/de\/firmen-stadtverwaltungen-und-kommunen\/\"},{\"@type\":\"ListItem\",\"position\":3,\"name\":\"\u00dcBERSETZUNGEN\"}]},{\"@type\":\"WebSite\",\"@id\":\"https:\/\/www.international-sur-loire.com\/#website\",\"url\":\"https:\/\/www.international-sur-loire.com\/\",\"name\":\"International-sur-Loire\",\"description\":\"CONSULTING INTERNATIONAL &amp; CULTUREL\",\"potentialAction\":[{\"@type\":\"SearchAction\",\"target\":{\"@type\":\"EntryPoint\",\"urlTemplate\":\"https:\/\/www.international-sur-loire.com\/?s={search_term_string}\"},\"query-input\":{\"@type\":\"PropertyValueSpecification\",\"valueRequired\":true,\"valueName\":\"search_term_string\"}}],\"inLanguage\":\"de\"}]}<\/script>\n<!-- \/ Yoast SEO plugin. -->","yoast_head_json":{"title":"\u00dcBERSETZUNGEN - International-sur-Loire","robots":{"index":"index","follow":"follow","max-snippet":"max-snippet:-1","max-image-preview":"max-image-preview:large","max-video-preview":"max-video-preview:-1"},"canonical":"https:\/\/www.international-sur-loire.com\/de\/firmen-stadtverwaltungen-und-kommunen\/uebersetzungen\/","og_locale":"de_DE","og_type":"article","og_title":"\u00dcBERSETZUNGEN - International-sur-Loire","og_description":"[vc_row][vc_column][vc_row_inner][vc_column_inner width=&#8220;1\/2&#8243;][vc_single_image image=&#8220;236&#8243; img_size=&#8220;full&#8220; alignment=&#8220;center&#8220; onclick=&#8220;link_image&#8220; css_animation=&#8220;fadeInLeft&#8220;][\/vc_column_inner][vc_column_inner width=&#8220;1\/2&#8243;][vc_column_text css_animation=&#8220;fadeInRight&#8220; css=&#8220;.vc_custom_1503091563877{padding-right: 2% !important;padding-left: 2% !important;}&#8220;] Franz\u00f6sisch \u2022 Englisch \u2022 Deutsch Abfassung von Texten direkt auf Franz\u00f6sisch, Deutsch oder Englisch, um Ihre Kommunikation\/Akquisition im Ausland in Schwung zu bringen \u00dcbersetzungen von Schreiben, offiziellen Dokumenten, Vertr\u00e4gen, Brosch\u00fcren, Flyer, Websites, Ver\u00f6ffentlichungen auf sozialen Netzwerken\u2026 Simultan\u00fcbersetzungen (Kongresse, Seminare, Besuche, Veranstaltungen\u2026)&hellip;","og_url":"https:\/\/www.international-sur-loire.com\/de\/firmen-stadtverwaltungen-und-kommunen\/uebersetzungen\/","og_site_name":"International-sur-Loire","article_modified_time":"2017-10-05T08:30:48+00:00","twitter_card":"summary_large_image","twitter_misc":{"Gesch\u00e4tzte Lesezeit":"1\u00a0Minute"},"schema":{"@context":"https:\/\/schema.org","@graph":[{"@type":"WebPage","@id":"https:\/\/www.international-sur-loire.com\/de\/firmen-stadtverwaltungen-und-kommunen\/uebersetzungen\/","url":"https:\/\/www.international-sur-loire.com\/de\/firmen-stadtverwaltungen-und-kommunen\/uebersetzungen\/","name":"\u00dcBERSETZUNGEN - International-sur-Loire","isPartOf":{"@id":"https:\/\/www.international-sur-loire.com\/#website"},"datePublished":"2017-09-20T07:30:07+00:00","dateModified":"2017-10-05T08:30:48+00:00","breadcrumb":{"@id":"https:\/\/www.international-sur-loire.com\/de\/firmen-stadtverwaltungen-und-kommunen\/uebersetzungen\/#breadcrumb"},"inLanguage":"de","potentialAction":[{"@type":"ReadAction","target":["https:\/\/www.international-sur-loire.com\/de\/firmen-stadtverwaltungen-und-kommunen\/uebersetzungen\/"]}]},{"@type":"BreadcrumbList","@id":"https:\/\/www.international-sur-loire.com\/de\/firmen-stadtverwaltungen-und-kommunen\/uebersetzungen\/#breadcrumb","itemListElement":[{"@type":"ListItem","position":1,"name":"Accueil","item":"https:\/\/www.international-sur-loire.com\/de\/"},{"@type":"ListItem","position":2,"name":"FIRMEN, STADTVERWALTUNGEN und KOMMUNEN","item":"https:\/\/www.international-sur-loire.com\/de\/firmen-stadtverwaltungen-und-kommunen\/"},{"@type":"ListItem","position":3,"name":"\u00dcBERSETZUNGEN"}]},{"@type":"WebSite","@id":"https:\/\/www.international-sur-loire.com\/#website","url":"https:\/\/www.international-sur-loire.com\/","name":"International-sur-Loire","description":"CONSULTING INTERNATIONAL &amp; CULTUREL","potentialAction":[{"@type":"SearchAction","target":{"@type":"EntryPoint","urlTemplate":"https:\/\/www.international-sur-loire.com\/?s={search_term_string}"},"query-input":{"@type":"PropertyValueSpecification","valueRequired":true,"valueName":"search_term_string"}}],"inLanguage":"de"}]}},"_links":{"self":[{"href":"https:\/\/www.international-sur-loire.com\/de\/wp-json\/wp\/v2\/pages\/660","targetHints":{"allow":["GET"]}}],"collection":[{"href":"https:\/\/www.international-sur-loire.com\/de\/wp-json\/wp\/v2\/pages"}],"about":[{"href":"https:\/\/www.international-sur-loire.com\/de\/wp-json\/wp\/v2\/types\/page"}],"author":[{"embeddable":true,"href":"https:\/\/www.international-sur-loire.com\/de\/wp-json\/wp\/v2\/users\/1"}],"replies":[{"embeddable":true,"href":"https:\/\/www.international-sur-loire.com\/de\/wp-json\/wp\/v2\/comments?post=660"}],"version-history":[{"count":3,"href":"https:\/\/www.international-sur-loire.com\/de\/wp-json\/wp\/v2\/pages\/660\/revisions"}],"predecessor-version":[{"id":879,"href":"https:\/\/www.international-sur-loire.com\/de\/wp-json\/wp\/v2\/pages\/660\/revisions\/879"}],"up":[{"embeddable":true,"href":"https:\/\/www.international-sur-loire.com\/de\/wp-json\/wp\/v2\/pages\/658"}],"wp:attachment":[{"href":"https:\/\/www.international-sur-loire.com\/de\/wp-json\/wp\/v2\/media?parent=660"}],"curies":[{"name":"wp","href":"https:\/\/api.w.org\/{rel}","templated":true}]}}