{"id":658,"date":"2017-09-20T09:26:15","date_gmt":"2017-09-20T07:26:15","guid":{"rendered":"http:\/\/www.international-sur-loire.com\/?page_id=658"},"modified":"2017-09-20T16:16:07","modified_gmt":"2017-09-20T14:16:07","slug":"firmen-stadtverwaltungen-und-kommunen","status":"publish","type":"page","link":"https:\/\/www.international-sur-loire.com\/de\/firmen-stadtverwaltungen-und-kommunen\/","title":{"rendered":"FIRMEN, STADTVERWALTUNGEN und KOMMUNEN"},"content":{"rendered":"<p>[vc_row gap=&#8220;20&#8243; css=&#8220;.vc_custom_1503087885173{margin-bottom: 0px !important;}&#8220;][vc_column css=&#8220;.vc_custom_1503088291310{margin-bottom: 0px !important;}&#8220;][vc_row_inner][vc_column_inner][vc_column_text css=&#8220;.vc_custom_1505892363433{margin-bottom: 0% !important;}&#8220;]<\/p>\n<h1 style=\"text-align: center; color: #e3e3e3; font-size: 56px; line-height: 58px; margin-bottom: -15px; letter-spacing: 1px;\">#UNSERE ST\u00c4RKE<\/h1>\n<p style=\"text-align: center; color: black; font-size: 22px;\"><strong>&#8230;Erfahrung, Netzwerk und strikteVertraulichkeit<\/strong><\/p>\n<p>[\/vc_column_text][\/vc_column_inner][\/vc_row_inner][\/vc_column][\/vc_row][vc_row margin_top=&#8220;0px&#8220; margin_bottom=&#8220;0px&#8220; css=&#8220;.vc_custom_1503851664295{margin-bottom: 8% !important;}&#8220;][vc_column width=&#8220;1\/3&#8243;][vc_column_text css_animation=&#8220;bottom-to-top&#8220;]<div class=\"hi-tpl inline\" data-align=\"center\" data-sizew=\"\" data-hidata=\"658X0\"><img decoding=\"async\" class=\"alignnone\" src=\"http:\/\/www.international-sur-loire.com\/wp-content\/uploads\/2017\/09\/expertise-conseils-2017.jpg\" alt=\"GUTACHTEN &amp; BERATUNG\" \/><\/div>[\/vc_column_text][vc_empty_space height=&#8220;25px&#8220;][vc_column_text css_animation=&#8220;fadeInDown&#8220;]<div class=\"hi-tpl inline\" data-align=\"center\" data-sizew=\"\" data-hidata=\"658X1\"><img decoding=\"async\" class=\"alignnone\" src=\"http:\/\/www.international-sur-loire.com\/wp-content\/uploads\/2017\/08\/prospection.jpg\" alt=\"AKQUISITION &amp; MARKTSTUDIEN\" \/><\/div>[\/vc_column_text][\/vc_column][vc_column width=&#8220;1\/3&#8243; css=&#8220;.vc_custom_1502132469111{margin-top: 0px !important;margin-bottom: 0px !important;}&#8220;][vc_column_text css_animation=&#8220;bottom-to-top&#8220;]<div class=\"hi-tpl inline\" data-align=\"center\" data-sizew=\"\" data-hidata=\"658X2\"><img decoding=\"async\" class=\"alignnone\" src=\"http:\/\/www.international-sur-loire.com\/wp-content\/uploads\/2017\/08\/accueil-delegations.jpg\" alt=\"EMPFANG INTERNATIONALER DELEGATIONEN\" \/><\/div>[\/vc_column_text][vc_empty_space height=&#8220;25px&#8220;][vc_column_text css_animation=&#8220;fadeInDown&#8220;]<div class=\"hi-tpl inline\" data-align=\"center\" data-sizew=\"\" data-hidata=\"658X3\"><img decoding=\"async\" class=\"alignnone\" src=\"http:\/\/www.international-sur-loire.com\/wp-content\/uploads\/2017\/08\/accompagnement.jpg\" alt=\"BEGLEITUNG, BETREUUNG &amp; EVENTMANAGEMENT\" \/><\/div>[\/vc_column_text][\/vc_column][vc_column width=&#8220;1\/3&#8243;][vc_column_text css_animation=&#8220;bottom-to-top&#8220;]<div class=\"hi-tpl inline\" data-align=\"center\" data-sizew=\"\" data-hidata=\"658X4\"><img decoding=\"async\" class=\"alignnone\" src=\"http:\/\/www.international-sur-loire.com\/wp-content\/uploads\/2017\/08\/traduction-sioux.jpg\" alt=\"\u00dcBERSETZUNGEN &amp; DOLMETSCHEN\" \/><\/div>[\/vc_column_text][vc_empty_space height=&#8220;25px&#8220;][vc_column_text css_animation=&#8220;fadeInDown&#8220;]<div class=\"hi-tpl inline\" data-align=\"center\" data-sizew=\"\" data-hidata=\"658X5\"><img decoding=\"async\" class=\"alignnone\" src=\"http:\/\/www.international-sur-loire.com\/wp-content\/uploads\/2017\/08\/missions-commerciales-2017-02.jpg\" alt=\"BUSINESS-MISSIONEN\" \/><\/div>[\/vc_column_text][\/vc_column][\/vc_row][vc_row css=&#8220;.vc_custom_1503912006233{margin-top: 4% !important;}&#8220;][vc_column][vc_row_inner][vc_column_inner width=&#8220;1\/2&#8243;][vc_column_text css_animation=&#8220;fadeInLeft&#8220; css=&#8220;.vc_custom_1505892111459{padding-right: 2% !important;padding-left: 2% !important;}&#8220;]<img decoding=\"async\" class=\"alignleft size-full wp-image-16\" src=\"http:\/\/www.international-sur-loire.com\/wp-content\/uploads\/2017\/08\/bocaux-poisons.jpg\" alt=\"\" width=\"120\" srcset=\"https:\/\/www.international-sur-loire.com\/wp-content\/uploads\/2017\/08\/bocaux-poisons.jpg 299w, https:\/\/www.international-sur-loire.com\/wp-content\/uploads\/2017\/08\/bocaux-poisons-265x300.jpg 265w\" sizes=\"(max-width: 299px) 100vw, 299px\" \/><\/p>\n<p style=\"text-align: justify;\"><em><strong>Es ist unbedeutend, ob Sie eine Firma oder eine Stadtverwaltung bzw. Kommune darstellen, das Internationale ist heute f\u00fcr alle zu einem unumg\u00e4nglichen Aspekt geworden und stellt einen echten Pluspunkt dar.<\/strong><\/em><br \/>\n<em><strong>Es wagen voranzugehen, ein Vision\u00e4r sein, am Tisch der Grossen mitzureden, das ist wie f\u00fcr Sie geschaffen!<\/strong><\/em><\/p>\n<p style=\"text-align: justify;\">In Ihrer Firma verhindern Zeitmangel, sprachliche Barrieren oder fehlendes Personal, dass Sie sich auf dem internationalen Markt weiterentwickeln?<\/p>\n<p style=\"text-align: justify;\">Zu sehr eingespannt in Ihren Alltag, ist es Ihnen nicht m\u00f6glich, Ihre Firma kaufm\u00e4nnisch weiter zu entwickeln?<\/p>\n<p>[\/vc_column_text][\/vc_column_inner][vc_column_inner width=&#8220;1\/2&#8243;][vc_column_text css_animation=&#8220;fadeInRight&#8220;]<\/p>\n<p style=\"text-align: justify;\">Sie durchleben aktuelle und erh\u00f6hte Arbeitslast in Ihrer Firma und brauchen Verst\u00e4rkung?<\/p>\n<p>[\/vc_column_text][vc_column_text css_animation=&#8220;fadeInRight&#8220; css=&#8220;.vc_custom_1505896710065{border-top-width: 2px !important;border-right-width: 2px !important;border-bottom-width: 2px !important;border-left-width: 2px !important;padding-top: 3% !important;padding-right: 3% !important;padding-bottom: 3% !important;padding-left: 3% !important;background-color: #f7f7f7 !important;border-left-color: #e5017d !important;border-left-style: solid !important;border-right-color: #e5017d !important;border-right-style: solid !important;border-top-color: #e5017d !important;border-top-style: solid !important;border-bottom-color: #e5017d !important;border-bottom-style: solid !important;border-radius: 2px !important;}&#8220;]<\/p>\n<p style=\"color: #e5017d; text-align: justify; font-size: 18px;\"><strong>Die L\u00f6sung : International-sur-Loire, eine externe Kompetenz, bereits geschult, erfahren und selbstst\u00e4ndig, ohne dass Sie eine Kraft einstellenm\u00fcssen !<br \/>\nYes, we can !<br \/>\nBeauftragen Sie International-sur-Loire, um Ihre Projekte und Ihr Team punktuell oder regelm\u00e4ssig zu unterst\u00fctzen !<br \/>\n<\/strong><\/p>\n<p>[\/vc_column_text][\/vc_column_inner][\/vc_row_inner][\/vc_column][\/vc_row]<\/p>\n","protected":false},"excerpt":{"rendered":"<p>[vc_row gap=&#8220;20&#8243; css=&#8220;.vc_custom_1503087885173{margin-bottom: 0px !important;}&#8220;][vc_column css=&#8220;.vc_custom_1503088291310{margin-bottom: 0px !important;}&#8220;][vc_row_inner][vc_column_inner][vc_column_text css=&#8220;.vc_custom_1505892363433{margin-bottom: 0% !important;}&#8220;] #UNSERE ST\u00c4RKE &#8230;Erfahrung, Netzwerk und strikteVertraulichkeit [\/vc_column_text][\/vc_column_inner][\/vc_row_inner][\/vc_column][\/vc_row][vc_row margin_top=&#8220;0px&#8220; margin_bottom=&#8220;0px&#8220; css=&#8220;.vc_custom_1503851664295{margin-bottom: 8% !important;}&#8220;][vc_column width=&#8220;1\/3&#8243;][vc_column_text css_animation=&#8220;bottom-to-top&#8220;][\/vc_column_text][vc_empty_space height=&#8220;25px&#8220;][vc_column_text css_animation=&#8220;fadeInDown&#8220;][\/vc_column_text][\/vc_column][vc_column width=&#8220;1\/3&#8243; css=&#8220;.vc_custom_1502132469111{margin-top: 0px !important;margin-bottom: 0px !important;}&#8220;][vc_column_text css_animation=&#8220;bottom-to-top&#8220;][\/vc_column_text][vc_empty_space height=&#8220;25px&#8220;][vc_column_text css_animation=&#8220;fadeInDown&#8220;][\/vc_column_text][\/vc_column][vc_column width=&#8220;1\/3&#8243;][vc_column_text css_animation=&#8220;bottom-to-top&#8220;][\/vc_column_text][vc_empty_space height=&#8220;25px&#8220;][vc_column_text css_animation=&#8220;fadeInDown&#8220;][\/vc_column_text][\/vc_column][\/vc_row][vc_row css=&#8220;.vc_custom_1503912006233{margin-top: 4% !important;}&#8220;][vc_column][vc_row_inner][vc_column_inner width=&#8220;1\/2&#8243;][vc_column_text css_animation=&#8220;fadeInLeft&#8220; css=&#8220;.vc_custom_1505892111459{padding-right: 2% !important;padding-left: 2% !important;}&#8220;] Es ist unbedeutend, ob Sie&hellip;<\/p>\n","protected":false},"author":1,"featured_media":0,"parent":0,"menu_order":0,"comment_status":"closed","ping_status":"closed","template":"","meta":{"footnotes":""},"class_list":["post-658","page","type-page","status-publish","hentry","description-off"],"yoast_head":"<!-- This site is optimized with the Yoast SEO plugin v26.4 - https:\/\/yoast.com\/wordpress\/plugins\/seo\/ -->\n<title>FIRMEN, STADTVERWALTUNGEN und KOMMUNEN - International-sur-Loire<\/title>\n<meta name=\"robots\" content=\"index, follow, max-snippet:-1, max-image-preview:large, max-video-preview:-1\" \/>\n<link rel=\"canonical\" href=\"https:\/\/www.international-sur-loire.com\/de\/firmen-stadtverwaltungen-und-kommunen\/\" \/>\n<meta property=\"og:locale\" content=\"de_DE\" \/>\n<meta property=\"og:type\" content=\"article\" \/>\n<meta property=\"og:title\" content=\"FIRMEN, STADTVERWALTUNGEN und KOMMUNEN - International-sur-Loire\" \/>\n<meta property=\"og:description\" content=\"[vc_row gap=&#8220;20&#8243; css=&#8220;.vc_custom_1503087885173{margin-bottom: 0px !important;}&#8220;][vc_column css=&#8220;.vc_custom_1503088291310{margin-bottom: 0px !important;}&#8220;][vc_row_inner][vc_column_inner][vc_column_text css=&#8220;.vc_custom_1505892363433{margin-bottom: 0% !important;}&#8220;] #UNSERE ST\u00c4RKE &#8230;Erfahrung, Netzwerk und strikteVertraulichkeit [\/vc_column_text][\/vc_column_inner][\/vc_row_inner][\/vc_column][\/vc_row][vc_row margin_top=&#8220;0px&#8220; margin_bottom=&#8220;0px&#8220; css=&#8220;.vc_custom_1503851664295{margin-bottom: 8% !important;}&#8220;][vc_column width=&#8220;1\/3&#8243;][vc_column_text css_animation=&#8220;bottom-to-top&#8220;][\/vc_column_text][vc_empty_space height=&#8220;25px&#8220;][vc_column_text css_animation=&#8220;fadeInDown&#8220;][\/vc_column_text][\/vc_column][vc_column width=&#8220;1\/3&#8243; css=&#8220;.vc_custom_1502132469111{margin-top: 0px !important;margin-bottom: 0px !important;}&#8220;][vc_column_text css_animation=&#8220;bottom-to-top&#8220;][\/vc_column_text][vc_empty_space height=&#8220;25px&#8220;][vc_column_text css_animation=&#8220;fadeInDown&#8220;][\/vc_column_text][\/vc_column][vc_column width=&#8220;1\/3&#8243;][vc_column_text css_animation=&#8220;bottom-to-top&#8220;][\/vc_column_text][vc_empty_space height=&#8220;25px&#8220;][vc_column_text css_animation=&#8220;fadeInDown&#8220;][\/vc_column_text][\/vc_column][\/vc_row][vc_row css=&#8220;.vc_custom_1503912006233{margin-top: 4% !important;}&#8220;][vc_column][vc_row_inner][vc_column_inner width=&#8220;1\/2&#8243;][vc_column_text css_animation=&#8220;fadeInLeft&#8220; css=&#8220;.vc_custom_1505892111459{padding-right: 2% !important;padding-left: 2% !important;}&#8220;] Es ist unbedeutend, ob Sie&hellip;\" \/>\n<meta property=\"og:url\" content=\"https:\/\/www.international-sur-loire.com\/de\/firmen-stadtverwaltungen-und-kommunen\/\" \/>\n<meta property=\"og:site_name\" content=\"International-sur-Loire\" \/>\n<meta property=\"article:modified_time\" content=\"2017-09-20T14:16:07+00:00\" \/>\n<meta property=\"og:image\" content=\"http:\/\/www.international-sur-loire.com\/wp-content\/uploads\/2017\/09\/expertise-conseils-2017.jpg\" \/>\n<meta name=\"twitter:card\" content=\"summary_large_image\" \/>\n<meta name=\"twitter:label1\" content=\"Gesch\u00e4tzte Lesezeit\" \/>\n\t<meta name=\"twitter:data1\" content=\"4\u00a0Minuten\" \/>\n<script type=\"application\/ld+json\" class=\"yoast-schema-graph\">{\"@context\":\"https:\/\/schema.org\",\"@graph\":[{\"@type\":\"WebPage\",\"@id\":\"https:\/\/www.international-sur-loire.com\/de\/firmen-stadtverwaltungen-und-kommunen\/\",\"url\":\"https:\/\/www.international-sur-loire.com\/de\/firmen-stadtverwaltungen-und-kommunen\/\",\"name\":\"FIRMEN, STADTVERWALTUNGEN und KOMMUNEN - International-sur-Loire\",\"isPartOf\":{\"@id\":\"https:\/\/www.international-sur-loire.com\/#website\"},\"primaryImageOfPage\":{\"@id\":\"https:\/\/www.international-sur-loire.com\/de\/firmen-stadtverwaltungen-und-kommunen\/#primaryimage\"},\"image\":{\"@id\":\"https:\/\/www.international-sur-loire.com\/de\/firmen-stadtverwaltungen-und-kommunen\/#primaryimage\"},\"thumbnailUrl\":\"http:\/\/www.international-sur-loire.com\/wp-content\/uploads\/2017\/09\/expertise-conseils-2017.jpg\",\"datePublished\":\"2017-09-20T07:26:15+00:00\",\"dateModified\":\"2017-09-20T14:16:07+00:00\",\"breadcrumb\":{\"@id\":\"https:\/\/www.international-sur-loire.com\/de\/firmen-stadtverwaltungen-und-kommunen\/#breadcrumb\"},\"inLanguage\":\"de\",\"potentialAction\":[{\"@type\":\"ReadAction\",\"target\":[\"https:\/\/www.international-sur-loire.com\/de\/firmen-stadtverwaltungen-und-kommunen\/\"]}]},{\"@type\":\"ImageObject\",\"inLanguage\":\"de\",\"@id\":\"https:\/\/www.international-sur-loire.com\/de\/firmen-stadtverwaltungen-und-kommunen\/#primaryimage\",\"url\":\"http:\/\/www.international-sur-loire.com\/wp-content\/uploads\/2017\/09\/expertise-conseils-2017.jpg\",\"contentUrl\":\"http:\/\/www.international-sur-loire.com\/wp-content\/uploads\/2017\/09\/expertise-conseils-2017.jpg\"},{\"@type\":\"BreadcrumbList\",\"@id\":\"https:\/\/www.international-sur-loire.com\/de\/firmen-stadtverwaltungen-und-kommunen\/#breadcrumb\",\"itemListElement\":[{\"@type\":\"ListItem\",\"position\":1,\"name\":\"Accueil\",\"item\":\"https:\/\/www.international-sur-loire.com\/de\/\"},{\"@type\":\"ListItem\",\"position\":2,\"name\":\"FIRMEN, STADTVERWALTUNGEN und KOMMUNEN\"}]},{\"@type\":\"WebSite\",\"@id\":\"https:\/\/www.international-sur-loire.com\/#website\",\"url\":\"https:\/\/www.international-sur-loire.com\/\",\"name\":\"International-sur-Loire\",\"description\":\"CONSULTING INTERNATIONAL &amp; CULTUREL\",\"potentialAction\":[{\"@type\":\"SearchAction\",\"target\":{\"@type\":\"EntryPoint\",\"urlTemplate\":\"https:\/\/www.international-sur-loire.com\/?s={search_term_string}\"},\"query-input\":{\"@type\":\"PropertyValueSpecification\",\"valueRequired\":true,\"valueName\":\"search_term_string\"}}],\"inLanguage\":\"de\"}]}<\/script>\n<!-- \/ Yoast SEO plugin. -->","yoast_head_json":{"title":"FIRMEN, STADTVERWALTUNGEN und KOMMUNEN - International-sur-Loire","robots":{"index":"index","follow":"follow","max-snippet":"max-snippet:-1","max-image-preview":"max-image-preview:large","max-video-preview":"max-video-preview:-1"},"canonical":"https:\/\/www.international-sur-loire.com\/de\/firmen-stadtverwaltungen-und-kommunen\/","og_locale":"de_DE","og_type":"article","og_title":"FIRMEN, STADTVERWALTUNGEN und KOMMUNEN - International-sur-Loire","og_description":"[vc_row gap=&#8220;20&#8243; css=&#8220;.vc_custom_1503087885173{margin-bottom: 0px !important;}&#8220;][vc_column css=&#8220;.vc_custom_1503088291310{margin-bottom: 0px !important;}&#8220;][vc_row_inner][vc_column_inner][vc_column_text css=&#8220;.vc_custom_1505892363433{margin-bottom: 0% !important;}&#8220;] #UNSERE ST\u00c4RKE &#8230;Erfahrung, Netzwerk und strikteVertraulichkeit [\/vc_column_text][\/vc_column_inner][\/vc_row_inner][\/vc_column][\/vc_row][vc_row margin_top=&#8220;0px&#8220; margin_bottom=&#8220;0px&#8220; css=&#8220;.vc_custom_1503851664295{margin-bottom: 8% !important;}&#8220;][vc_column width=&#8220;1\/3&#8243;][vc_column_text css_animation=&#8220;bottom-to-top&#8220;][\/vc_column_text][vc_empty_space height=&#8220;25px&#8220;][vc_column_text css_animation=&#8220;fadeInDown&#8220;][\/vc_column_text][\/vc_column][vc_column width=&#8220;1\/3&#8243; css=&#8220;.vc_custom_1502132469111{margin-top: 0px !important;margin-bottom: 0px !important;}&#8220;][vc_column_text css_animation=&#8220;bottom-to-top&#8220;][\/vc_column_text][vc_empty_space height=&#8220;25px&#8220;][vc_column_text css_animation=&#8220;fadeInDown&#8220;][\/vc_column_text][\/vc_column][vc_column width=&#8220;1\/3&#8243;][vc_column_text css_animation=&#8220;bottom-to-top&#8220;][\/vc_column_text][vc_empty_space height=&#8220;25px&#8220;][vc_column_text css_animation=&#8220;fadeInDown&#8220;][\/vc_column_text][\/vc_column][\/vc_row][vc_row css=&#8220;.vc_custom_1503912006233{margin-top: 4% !important;}&#8220;][vc_column][vc_row_inner][vc_column_inner width=&#8220;1\/2&#8243;][vc_column_text css_animation=&#8220;fadeInLeft&#8220; css=&#8220;.vc_custom_1505892111459{padding-right: 2% !important;padding-left: 2% !important;}&#8220;] Es ist unbedeutend, ob Sie&hellip;","og_url":"https:\/\/www.international-sur-loire.com\/de\/firmen-stadtverwaltungen-und-kommunen\/","og_site_name":"International-sur-Loire","article_modified_time":"2017-09-20T14:16:07+00:00","og_image":[{"url":"http:\/\/www.international-sur-loire.com\/wp-content\/uploads\/2017\/09\/expertise-conseils-2017.jpg","type":"","width":"","height":""}],"twitter_card":"summary_large_image","twitter_misc":{"Gesch\u00e4tzte Lesezeit":"4\u00a0Minuten"},"schema":{"@context":"https:\/\/schema.org","@graph":[{"@type":"WebPage","@id":"https:\/\/www.international-sur-loire.com\/de\/firmen-stadtverwaltungen-und-kommunen\/","url":"https:\/\/www.international-sur-loire.com\/de\/firmen-stadtverwaltungen-und-kommunen\/","name":"FIRMEN, STADTVERWALTUNGEN und KOMMUNEN - International-sur-Loire","isPartOf":{"@id":"https:\/\/www.international-sur-loire.com\/#website"},"primaryImageOfPage":{"@id":"https:\/\/www.international-sur-loire.com\/de\/firmen-stadtverwaltungen-und-kommunen\/#primaryimage"},"image":{"@id":"https:\/\/www.international-sur-loire.com\/de\/firmen-stadtverwaltungen-und-kommunen\/#primaryimage"},"thumbnailUrl":"http:\/\/www.international-sur-loire.com\/wp-content\/uploads\/2017\/09\/expertise-conseils-2017.jpg","datePublished":"2017-09-20T07:26:15+00:00","dateModified":"2017-09-20T14:16:07+00:00","breadcrumb":{"@id":"https:\/\/www.international-sur-loire.com\/de\/firmen-stadtverwaltungen-und-kommunen\/#breadcrumb"},"inLanguage":"de","potentialAction":[{"@type":"ReadAction","target":["https:\/\/www.international-sur-loire.com\/de\/firmen-stadtverwaltungen-und-kommunen\/"]}]},{"@type":"ImageObject","inLanguage":"de","@id":"https:\/\/www.international-sur-loire.com\/de\/firmen-stadtverwaltungen-und-kommunen\/#primaryimage","url":"http:\/\/www.international-sur-loire.com\/wp-content\/uploads\/2017\/09\/expertise-conseils-2017.jpg","contentUrl":"http:\/\/www.international-sur-loire.com\/wp-content\/uploads\/2017\/09\/expertise-conseils-2017.jpg"},{"@type":"BreadcrumbList","@id":"https:\/\/www.international-sur-loire.com\/de\/firmen-stadtverwaltungen-und-kommunen\/#breadcrumb","itemListElement":[{"@type":"ListItem","position":1,"name":"Accueil","item":"https:\/\/www.international-sur-loire.com\/de\/"},{"@type":"ListItem","position":2,"name":"FIRMEN, STADTVERWALTUNGEN und KOMMUNEN"}]},{"@type":"WebSite","@id":"https:\/\/www.international-sur-loire.com\/#website","url":"https:\/\/www.international-sur-loire.com\/","name":"International-sur-Loire","description":"CONSULTING INTERNATIONAL &amp; CULTUREL","potentialAction":[{"@type":"SearchAction","target":{"@type":"EntryPoint","urlTemplate":"https:\/\/www.international-sur-loire.com\/?s={search_term_string}"},"query-input":{"@type":"PropertyValueSpecification","valueRequired":true,"valueName":"search_term_string"}}],"inLanguage":"de"}]}},"_links":{"self":[{"href":"https:\/\/www.international-sur-loire.com\/de\/wp-json\/wp\/v2\/pages\/658","targetHints":{"allow":["GET"]}}],"collection":[{"href":"https:\/\/www.international-sur-loire.com\/de\/wp-json\/wp\/v2\/pages"}],"about":[{"href":"https:\/\/www.international-sur-loire.com\/de\/wp-json\/wp\/v2\/types\/page"}],"author":[{"embeddable":true,"href":"https:\/\/www.international-sur-loire.com\/de\/wp-json\/wp\/v2\/users\/1"}],"replies":[{"embeddable":true,"href":"https:\/\/www.international-sur-loire.com\/de\/wp-json\/wp\/v2\/comments?post=658"}],"version-history":[{"count":3,"href":"https:\/\/www.international-sur-loire.com\/de\/wp-json\/wp\/v2\/pages\/658\/revisions"}],"predecessor-version":[{"id":707,"href":"https:\/\/www.international-sur-loire.com\/de\/wp-json\/wp\/v2\/pages\/658\/revisions\/707"}],"wp:attachment":[{"href":"https:\/\/www.international-sur-loire.com\/de\/wp-json\/wp\/v2\/media?parent=658"}],"curies":[{"name":"wp","href":"https:\/\/api.w.org\/{rel}","templated":true}]}}